{"id":986,"date":"2017-03-11T10:46:59","date_gmt":"2017-03-11T15:46:59","guid":{"rendered":"https:\/\/tachenko.com\/etachenko\/?page_id=986"},"modified":"2017-03-12T23:04:20","modified_gmt":"2017-03-13T04:04:20","slug":"el-tachenko-en-internet","status":"publish","type":"page","link":"https:\/\/tachenko.com\/etachenko\/ed-22-may-28-2000\/el-tachenko-en-internet\/","title":{"rendered":"El Tachenko en Internet"},"content":{"rendered":"<div id=\"dslc-theme-content\"><div id=\"dslc-theme-content-inner\"><p class=\"JAS_Main_Title\">El Tachenko en Internet<\/p>\n<h1><span style=\"color: #666699;\"><em>Suscriptores Anonadados<\/em><\/span><\/h1>\n<p class=\"JAS_Insertos_Tipo_Reuter\">Por: Nelsy Phillis<\/p>\n<p>Despu\u00e9s de una desmadrada ausencia de aproximadamente 2 a\u00f1os, tres meses y 10 d\u00edas reaparece sorpresivamente el Espori\u00f3dico, esta vez en Internet.<\/p>\n<p>\"Si, bueno, muy bacano y todo, pero yo no tengo computador; entonces que jet\u00f3n, me va a tocar invertir 1 mill\u00f3n de pesos para leer esta BASURA???!!!\". Con este comentario iniciaron las ya legendarias, innumerables y quejumbrosas llamadas a la Direcci\u00f3n por parte de los antiguos suscriptores, quienes contin\u00faan criticando la reaparici\u00f3n de El Tachenko en Internet, que actualmente recibe el nombre, impuesto por su Director, de <strong>El Tachenko Electr\u00f3nico<\/strong> o <span style=\"color: #cc0000;\"><strong>eTachenko.<\/strong><\/span><\/p>\n<p>A pesar de esta incomprensible negligencia externa, la Direcci\u00f3n se encuentra orgullosa de informar que debido a la desaparici\u00f3n del pasqu\u00edn impreso y que por tanto no habr\u00e1 necesidad de invertir las cuantiosas sumas de dinero utilizadas anteriormente para imprimir el Espori\u00f3dico, <strong>El Tachenko Electr\u00f3nico no cobrar\u00e1 un centavo<\/strong> ni por la presencia del rotativo en la red ni por su producci\u00f3n, ya que el Director ha manifestado en repetidas ocasiones su complacencia en invertir el poco tiempo libre que le queda en la elaboraci\u00f3n de nuevas ediciones, que espera publicar con una frecuencia indeterminada.<\/p>\n<p>Otra anomal\u00eda que se ha presentado es la incompatibilidad de los sistemas existentes ya que las versiones anteriores de Navegadores no est\u00e1n habilitadas para traducir a pantalla los gr\u00e1ficos y la complicada codificaci\u00f3n que es actualmente utilizada por el website de E-ET. Ante esta condici\u00f3n, el Director coment\u00f3: \"\u00a1Actual\u00edsensen!\".<\/p>\n<p>Por otra parte, un delegado del Departamento de Prensa y Publicaciones del E-ET, DEPREP\u00da, coment\u00f3 en la ceremonia de lanzamiento que gracias a la colaboraci\u00f3n de nuevos entusiastas del amarillismo electr\u00f3nico que han enviado ya sus art\u00edculos y fotograf\u00edas de excelente calidad para que sean publicadas en el Espori\u00f3dico, la publicaci\u00f3n tendr\u00e1 un nuevo direccionamiento intelectual y profil\u00e1ctico en esta rama. Es el caso del conocido y pol\u00e9mico arquitecto Alvaro Jos\u00e9 Gir\u00f3n quien motivado por el lanzamiento del Espori\u00f3dico escribi\u00f3 un correo electr\u00f3nico a la Direcci\u00f3n exponiendo sus puntos de vista. Al respecto Gir\u00f3n coment\u00f3: <em>\"Enviar\u00e9 art\u00edculos y fotograf\u00edas de excelente calidad para que sean publicadas en el Espori\u00f3dico y as\u00ed la publicaci\u00f3n tenga un nuevo direccionamiento intelectual y profil\u00e1ctico en esta rama\".<\/em> Pura carreta, nunca envi\u00f3 nada!<\/p>\n<p>Adicionalmente, para poder soportar los elevados costos de administraci\u00f3n y hospedaje de la p\u00e1gina, El <strong>The Tachenko Group, Inc.<\/strong> se ha visto en la obligaci\u00f3n de vender y\/o canjear publicidad con otros colegas del web, como es el caso de la multinacional Daleflores, quien patrocina la presente edici\u00f3n. Esta empresa vende por Internet y distribuye ya en varias ciudades unos arreglos florales decorados sutilmente y sus comandatarios aseguran entregas en no mas de 3 horas posterior al pedido. De igual forma, un banner publicitario del Espori\u00f3dico se ha instaurado en el chat de la p\u00e1gina de Daleflores, el que ver\u00e1n hipnotizadamente los chateantes constantemente mientras hablan de las teor\u00edas esot\u00e9ricas de la vida por medio de este conocido nuevo medio de comunicaci\u00f3n.<\/p>\n<div id=\"attachment_924\" style=\"width: 244px\" class=\"wp-caption alignright\"><img loading=\"lazy\" decoding=\"async\" aria-describedby=\"caption-attachment-924\" class=\"wp-image-924 size-full\" src=\"https:\/\/tachenko.com\/etachenko\/wp-content\/uploads\/2017\/03\/banner1_daleflores.gif\" alt=\"\" width=\"234\" height=\"35\" \/><p id=\"caption-attachment-924\" class=\"wp-caption-text\">Banner enviado por el Dr. Muriel<\/p><\/div>\n<p style=\"text-align: justify;\">Mr. Mauricio Muriel, administrador del Site de Daleflores, emaili\u00f3 el banner publicitario al Director. Cuando \u00e9ste lo vi\u00f3 hizo PLOP!, med\u00eda como 70 metros !!!. Bueeeno pues, 65. Entonces el Director le envi\u00f3 un email diciendo que <em>\"huy juepucha ese banner mide como 70 metros !!!. Bueeeno pues, 65\"<\/em> y le pidi\u00f3 que lo enviara m\u00e1s chiquito para cumplir con los estrictos requerimientos de diagramaci\u00f3n del E-ET. Ante esto Muriel contest\u00f3: <em>\"Como me hijuepuch\u00f3 mi banner inicial aqu\u00ed le mando el chiquito\".<\/em> A las directivas del Espori\u00f3dico les pareci\u00f3 muy bueno el apunte de su merc\u00e9 Mauricio, por lo que se ha hecho acreedor a figurar entre las l\u00edneas de <strong>El Tachenko.<\/strong><\/p>\n<p>El Director afirm\u00f3 que enviar\u00e1 un correo informativo a los nuevos suscriptores cada vez que una nueva edici\u00f3n aparezca, con la finalidad de mantenerlos informados al igual que a la Inspiradora, bajo el objetivo inicial del Espori\u00f3dico desde su nacimiento que reza: <em>\"Si lejos est\u00e1s, con el E-ET de tu patria saber\u00e1s\".<\/em> Hasta la fecha se han suscrito Alvaro Jos\u00e9 Gir\u00f3n, Adriana Gastaldi, Claudia Lemus, Maria Eugenia Alvarez y Claudia de Colombia, pero se espera que esta lista crezca encomiablemente en el futuro.<\/p>\n<p>Por \u00faltimo, son varias ya las empresas a nivel internacional que han manifestado su inter\u00e9s en este nuevo portal y sobre la mesa de negociaciones hay sendas propuestas de inversi\u00f3n. Sin embargo el Director no desea mercantilizar aun las acciones del Espori\u00f3dico ni el Espori\u00f3dico mismo ya que desea darle primero un nuevo modelaje al impreso digital para conformar el Portal del Futuro, lo cual requiere un tiempo bajo su profesional e individual supervisi\u00f3n. \u2014NP<\/p>\n<\/div><\/div>","protected":false},"excerpt":{"rendered":"<p>El Tachenko en Internet Suscriptores Anonadados Por: Nelsy Phillis Despu\u00e9s de una desmadrada ausencia de aproximadamente 2 a\u00f1os, tres meses y 10 d\u00edas reaparece sorpresivamente el Espori\u00f3dico, esta vez en Internet. \"Si, bueno, muy bacano y todo, pero yo no tengo computador; entonces que jet\u00f3n, me va a tocar invertir 1 mill\u00f3n de pesos para [&hellip;]<\/p>\n","protected":false},"author":1,"featured_media":0,"parent":955,"menu_order":0,"comment_status":"closed","ping_status":"closed","template":"","meta":{"footnotes":""},"class_list":["post-986","page","type-page","status-publish","hentry"],"_links":{"self":[{"href":"https:\/\/tachenko.com\/etachenko\/wp-json\/wp\/v2\/pages\/986","targetHints":{"allow":["GET"]}}],"collection":[{"href":"https:\/\/tachenko.com\/etachenko\/wp-json\/wp\/v2\/pages"}],"about":[{"href":"https:\/\/tachenko.com\/etachenko\/wp-json\/wp\/v2\/types\/page"}],"author":[{"embeddable":true,"href":"https:\/\/tachenko.com\/etachenko\/wp-json\/wp\/v2\/users\/1"}],"replies":[{"embeddable":true,"href":"https:\/\/tachenko.com\/etachenko\/wp-json\/wp\/v2\/comments?post=986"}],"version-history":[{"count":8,"href":"https:\/\/tachenko.com\/etachenko\/wp-json\/wp\/v2\/pages\/986\/revisions"}],"predecessor-version":[{"id":1294,"href":"https:\/\/tachenko.com\/etachenko\/wp-json\/wp\/v2\/pages\/986\/revisions\/1294"}],"up":[{"embeddable":true,"href":"https:\/\/tachenko.com\/etachenko\/wp-json\/wp\/v2\/pages\/955"}],"wp:attachment":[{"href":"https:\/\/tachenko.com\/etachenko\/wp-json\/wp\/v2\/media?parent=986"}],"curies":[{"name":"wp","href":"https:\/\/api.w.org\/{rel}","templated":true}]}}