{"id":984,"date":"2017-03-11T10:46:34","date_gmt":"2017-03-11T15:46:34","guid":{"rendered":"https:\/\/tachenko.com\/etachenko\/?page_id=984"},"modified":"2017-03-12T23:05:51","modified_gmt":"2017-03-13T04:05:51","slug":"el-fugao-i","status":"publish","type":"page","link":"https:\/\/tachenko.com\/etachenko\/ed-22-may-28-2000\/el-fugao-i\/","title":{"rendered":"Nace Columna para ET"},"content":{"rendered":"<div id=\"dslc-theme-content\"><div id=\"dslc-theme-content-inner\"><h2><span style=\"color: #666699;\"><em><strong>Nace Columna para ET<\/strong><\/em><\/span><\/h2>\n<p class=\"JAS_Main_Title\">EL FUGAO<\/p>\n<p class=\"JAS_Insertos_Tipo_Reuter\">Por: Arnoldo Su\u00e1rez Y\u00e9pez<\/p>\n<p>Entre las propuestas realizadas por un centenar de personas con motivo del lanzamiento del nuevo <strong>Tachenko Electr\u00f3nico<\/strong> a la red Internet, sali\u00f3 a flote una licitaci\u00f3n para instituir una nueva columna titulada <em>\"El Fugao\".<\/em><\/p>\n<p><img loading=\"lazy\" decoding=\"async\" class=\"alignleft size-full wp-image-878\" src=\"https:\/\/tachenko.com\/etachenko\/wp-content\/uploads\/2017\/03\/El_Fugao.jpg\" alt=\"\" width=\"113\" height=\"155\" srcset=\"https:\/\/tachenko.com\/etachenko\/wp-content\/uploads\/2017\/03\/El_Fugao.jpg 113w, https:\/\/tachenko.com\/etachenko\/wp-content\/uploads\/2017\/03\/El_Fugao-109x150.jpg 109w\" sizes=\"auto, (max-width: 113px) 100vw, 113px\" \/>Dicha columna relatar\u00e1 las m\u00e1s incre\u00edbles y graciosas historias de un personaje querido por todos en la comarca mientras se evaporaba de las garras de la justicia por un espacio de aproximadamente 8 meses. Afortunadamente y para regocijo tanto del Fugao como para toda su familia y amigos, el proceso que lo angusti\u00f3 por esos interminables meses ha terminado definitivamente y en la actualidad el personaje protagonista de esta historia, al igual que otros varios que se encontraban en la misma situaci\u00f3n, goza de absoluta libertad habiendo demostrado consistentemente su inocencia. Sobra decir que el Espori\u00f3dico mantendr\u00e1 en reserva la identidad de El Fugao en respeto a su privacidad.<\/p>\n<p>Es de resaltar el apoyo ofrecido incondicionalmente por parte de los allegados del Fugao durante todo el tiempo de su escondecencia, quienes mantuvieron constantemente la fe y la fuerza necesarias sin destemplarse un pelo. Pero es mas sorprendente que El Fugao mantuviera constante su cordura pues fuera de caminar 100 veces hacia la izquierda y 99 para el otro lao dentro de la misma baldosa, d\u00eda tras d\u00eda, no exist\u00edan muchas otras actividades para escoger. Claro, Internet jug\u00f3 un papel important\u00edsimo tambi\u00e9n ya que este fue pr\u00e1cticamente su \u00fanico medio de comunicaci\u00f3n con el exterior.<\/p>\n<p>Las directivas del Espori\u00f3dico aplauden con entusiasmo el feliz final de esta historia y esperan de todo coraz\u00f3n que alg\u00fan d\u00eda la justicia atine a no causar el llanto en el alma de los inocentes en busca del camino de la verdad. \u2014ASY<\/p>\n<\/div><\/div>","protected":false},"excerpt":{"rendered":"<p>Nace Columna para ET EL FUGAO Por: Arnoldo Su\u00e1rez Y\u00e9pez Entre las propuestas realizadas por un centenar de personas con motivo del lanzamiento del nuevo Tachenko Electr\u00f3nico a la red Internet, sali\u00f3 a flote una licitaci\u00f3n para instituir una nueva columna titulada \"El Fugao\". Dicha columna relatar\u00e1 las m\u00e1s incre\u00edbles y graciosas historias de un [&hellip;]<\/p>\n","protected":false},"author":1,"featured_media":0,"parent":955,"menu_order":0,"comment_status":"closed","ping_status":"closed","template":"","meta":{"footnotes":""},"class_list":["post-984","page","type-page","status-publish","hentry"],"_links":{"self":[{"href":"https:\/\/tachenko.com\/etachenko\/wp-json\/wp\/v2\/pages\/984","targetHints":{"allow":["GET"]}}],"collection":[{"href":"https:\/\/tachenko.com\/etachenko\/wp-json\/wp\/v2\/pages"}],"about":[{"href":"https:\/\/tachenko.com\/etachenko\/wp-json\/wp\/v2\/types\/page"}],"author":[{"embeddable":true,"href":"https:\/\/tachenko.com\/etachenko\/wp-json\/wp\/v2\/users\/1"}],"replies":[{"embeddable":true,"href":"https:\/\/tachenko.com\/etachenko\/wp-json\/wp\/v2\/comments?post=984"}],"version-history":[{"count":7,"href":"https:\/\/tachenko.com\/etachenko\/wp-json\/wp\/v2\/pages\/984\/revisions"}],"predecessor-version":[{"id":1296,"href":"https:\/\/tachenko.com\/etachenko\/wp-json\/wp\/v2\/pages\/984\/revisions\/1296"}],"up":[{"embeddable":true,"href":"https:\/\/tachenko.com\/etachenko\/wp-json\/wp\/v2\/pages\/955"}],"wp:attachment":[{"href":"https:\/\/tachenko.com\/etachenko\/wp-json\/wp\/v2\/media?parent=984"}],"curies":[{"name":"wp","href":"https:\/\/api.w.org\/{rel}","templated":true}]}}