{"id":982,"date":"2017-03-11T10:46:04","date_gmt":"2017-03-11T15:46:04","guid":{"rendered":"https:\/\/tachenko.com\/etachenko\/?page_id=982"},"modified":"2017-03-12T23:07:12","modified_gmt":"2017-03-13T04:07:12","slug":"anastasia-impostora","status":"publish","type":"page","link":"https:\/\/tachenko.com\/etachenko\/ed-22-may-28-2000\/anastasia-impostora\/","title":{"rendered":"Anastasia, Impostora"},"content":{"rendered":"<div id=\"dslc-theme-content\"><div id=\"dslc-theme-content-inner\"><h1><span style=\"color: #666699;\"><em>Medios Policiales Intervienen<\/em><\/span><\/h1>\n<p class=\"JAS_Main_Title\">Anastasia, Impostora<\/p>\n<p class=\"JAS_Insertos_Tipo_Reuter\">Por: Insp. Mc Garret<\/p>\n<div id=\"attachment_881\" style=\"width: 87px\" class=\"wp-caption alignleft\"><img loading=\"lazy\" decoding=\"async\" aria-describedby=\"caption-attachment-881\" class=\"wp-image-881 size-full\" src=\"https:\/\/tachenko.com\/etachenko\/wp-content\/uploads\/2017\/03\/Tacha.jpg\" alt=\"\" width=\"77\" height=\"174\" srcset=\"https:\/\/tachenko.com\/etachenko\/wp-content\/uploads\/2017\/03\/Tacha.jpg 77w, https:\/\/tachenko.com\/etachenko\/wp-content\/uploads\/2017\/03\/Tacha-66x150.jpg 66w\" sizes=\"auto, (max-width: 77px) 100vw, 77px\" \/><p id=\"caption-attachment-881\" class=\"wp-caption-text\">A.K.A. \"Tacha\"<\/p><\/div>\n<p>Martha Anastasia Pagoulatos, la inspiradora de <strong>El Tachenko<\/strong> quien aparece en actitud burlesca en la fotograf\u00eda, ha resultado ser nada m\u00e1s ni nada menos que una impostora, seg\u00fan informaron agentes federales de la Intercool a este Espori\u00f3dico.<\/p>\n<p>La sociedad vallecaucana se encuentra no solo sorprendida sino patitiesa con este comunicado, ya que desde que Anastasia era peque\u00f1a divulg\u00f3 el apellido que todos conocen, es decir \"Pagoulatos\", en cuanto formulario y rifa aparec\u00eda. Una vecina revel\u00f3 que incluso cuando se le ped\u00eda que repitiera el apellido por ser de dif\u00edcil pronunciaci\u00f3n, Anastasia se mostraba sospechosamente recelosa ante el hecho.<\/p>\n<p>El SININCO, Servicio de Indagaciones Internacionales de Colombia, cuando recibi\u00f3 el informe de la dudosa identidad de Anastasia se desplaz\u00f3 hacia Grecia en el jet privado de la compa\u00f1\u00eda The Tachenko Group, Inc. (entidad sin \u00e1nimo de lucro que financi\u00f3 la indagaci\u00f3n) ya que de esas tierras proviene la presunta esp\u00eda. Al no encontrar nada pero s\u00ed pistas importantes, aterrizaron en ellas, y movieron sus contactos para localizar a Claudia Belinda Pagoulatos L\u00f3pez, A.K.A. \"Dita\", quien seg\u00fan informes gentilmente aportados por El Tachenko resulta ser hermana de sangre de la acusada. Para tal fin, hubieron de desplazarse hasta la ciudad de Birmingham, Inglaterra, donde habita actualmente Claudia Belinda.<\/p>\n<p>En el allanamiento realizado en la morada hallaron varios documentos que certifican que Anastasia no se apellida \"Pagoulatos\" sino <strong>PAGOULATOU.<\/strong> Por tan incalificable hallazgo y sinti\u00e9ndose ya sorprendida, Claudia Belinda ante la pregunta del sheriff quien indag\u00f3 si en verdad era \"Pagoulatou\" confes\u00f3:<\/p>\n<p><em>\"S\u00ed, Pagoulatou es correcto. Lo que pasa es que mi mam\u00e1 se equivoc\u00f3 unos a\u00f1os atr\u00e1s porque es que v\u00e9...<\/em><\/p>\n<p><em>Resulta que en Grecia, las hijas de los apellidos que terminan en \"atos\", como Pagoulatos, se convierten en \"atou\", o sea Pagoulatou. As\u00ed est\u00e1 escrito en mi pasaporte y en todo lado, solo que para no confundir a los colombianos que son tan patirajaos mi mam\u00e1 lo dej\u00f3 Pagoulatos!!!<\/em><\/p>\n<p><em>Todos estos a\u00f1os crec\u00ed con un error gramatical y esta crisis de identidad tan angustiante, que vaina se\u00f1or sheriff!!!. Pero no me culpe, tampoco culpe a mi hermana Tacha y tampoco a mi amasita (hola mami, all\u00e1 en Cali, Gueeepa!). Esto es un asunto de error se\u00f1or sheriff, nada que ver con que la impostora, la esp\u00eda, la acusada o no-se-que tantas vainas dice usted. Y qu\u00edteme estas esposas carajo!!, van a creer que soy una delincuente...\".<\/em><\/p>\n<p>Entretanto el Director del Espori\u00f3dico afirm\u00f3 a los medios radiales que a pesar de las acusaciones Anastasia fue, es y seguir\u00e1 siendo el motivo que le dio vida al <strong>Espori\u00f3dico El Tachenko<\/strong> y que por tal no retirar\u00e1 esos atributos a su amiga Tacha a pesar de la falsedad de su apellido. Por el momento las autoridades siguen rastreando a Anastasia para entrevistarla y verificar la versi\u00f3n de su hermana, pero hasta la fecha nadie sabe de su paradero. \u2014I.McG.<\/p>\n<\/div><\/div>","protected":false},"excerpt":{"rendered":"<p>Medios Policiales Intervienen Anastasia, Impostora Por: Insp. Mc Garret Martha Anastasia Pagoulatos, la inspiradora de El Tachenko quien aparece en actitud burlesca en la fotograf\u00eda, ha resultado ser nada m\u00e1s ni nada menos que una impostora, seg\u00fan informaron agentes federales de la Intercool a este Espori\u00f3dico. La sociedad vallecaucana se encuentra no solo sorprendida sino [&hellip;]<\/p>\n","protected":false},"author":1,"featured_media":0,"parent":955,"menu_order":0,"comment_status":"closed","ping_status":"closed","template":"","meta":{"footnotes":""},"class_list":["post-982","page","type-page","status-publish","hentry"],"_links":{"self":[{"href":"https:\/\/tachenko.com\/etachenko\/wp-json\/wp\/v2\/pages\/982","targetHints":{"allow":["GET"]}}],"collection":[{"href":"https:\/\/tachenko.com\/etachenko\/wp-json\/wp\/v2\/pages"}],"about":[{"href":"https:\/\/tachenko.com\/etachenko\/wp-json\/wp\/v2\/types\/page"}],"author":[{"embeddable":true,"href":"https:\/\/tachenko.com\/etachenko\/wp-json\/wp\/v2\/users\/1"}],"replies":[{"embeddable":true,"href":"https:\/\/tachenko.com\/etachenko\/wp-json\/wp\/v2\/comments?post=982"}],"version-history":[{"count":8,"href":"https:\/\/tachenko.com\/etachenko\/wp-json\/wp\/v2\/pages\/982\/revisions"}],"predecessor-version":[{"id":1297,"href":"https:\/\/tachenko.com\/etachenko\/wp-json\/wp\/v2\/pages\/982\/revisions\/1297"}],"up":[{"embeddable":true,"href":"https:\/\/tachenko.com\/etachenko\/wp-json\/wp\/v2\/pages\/955"}],"wp:attachment":[{"href":"https:\/\/tachenko.com\/etachenko\/wp-json\/wp\/v2\/media?parent=982"}],"curies":[{"name":"wp","href":"https:\/\/api.w.org\/{rel}","templated":true}]}}