{"id":980,"date":"2017-03-11T10:45:38","date_gmt":"2017-03-11T15:45:38","guid":{"rendered":"https:\/\/tachenko.com\/etachenko\/?page_id=980"},"modified":"2017-03-12T23:08:11","modified_gmt":"2017-03-13T04:08:11","slug":"el-fugao-ii","status":"publish","type":"page","link":"https:\/\/tachenko.com\/etachenko\/ed-22-may-28-2000\/el-fugao-ii\/","title":{"rendered":"El Fugao \u2013 Cap\u00edtulo I"},"content":{"rendered":"<div id=\"dslc-theme-content\"><div id=\"dslc-theme-content-inner\"><h1><span style=\"color: #666699;\"><em>La Helada Finca en Las Estepas<\/em><\/span><\/h1>\n<p class=\"JAS_Main_Title\">El Fugao \u2013 Cap\u00edtulo I<\/p>\n<p class=\"JAS_Insertos_Tipo_Reuter\">Por: La Direcci\u00f3n<\/p>\n<p><img loading=\"lazy\" decoding=\"async\" class=\"alignleft size-full wp-image-880\" src=\"https:\/\/tachenko.com\/etachenko\/wp-content\/uploads\/2017\/03\/Finca.jpg\" alt=\"\" width=\"212\" height=\"211\" srcset=\"https:\/\/tachenko.com\/etachenko\/wp-content\/uploads\/2017\/03\/Finca.jpg 212w, https:\/\/tachenko.com\/etachenko\/wp-content\/uploads\/2017\/03\/Finca-150x150.jpg 150w\" sizes=\"auto, (max-width: 212px) 100vw, 212px\" \/>Uno de los tantos paraderos que habit\u00f3 el Fugao fue una finca bellamente decorada en los alrededores de la ciudad. El paraje era encantador, el paisaje fascinante, los habitantes sumamente amistosos, todo estaba muy bien... pero hac\u00eda un fr\u00edo el berraco!!!. Para efectos de este relato y los venideros, llamaremos a esta finca \"La Helada\" por las razones anteriormente expuestas.<\/p>\n<p>Una helada tarde en La Helada el Fugao estaba esperando a uno de sus compinches, el camarada \"Cejoncito\" como le llamaremos de ahora en adelante. Aquel d\u00eda el Fugao se encontraba s\u00f3lo pues su compa\u00f1ero de vivienda, el \"Pelao\" (otro personaje de la columna historia) se encontraba laborando en la ciudad. El Cej\u00f3n hab\u00eda anunciado su visita para las 3 pe eme\u00a0 pero para sorpresa del Fugao eran las 4:36 (pe eme) y su amigo no llegaba. Al parecer este asunto ocurr\u00eda a menudo...<\/p>\n<p>Por fin lleg\u00f3 el Cej\u00f3n y se sentaron el par de varones alrededor de una mesa bajita llena de maricaditas hasta en las esquinas. All\u00ed posaron el botello de G\u00fciky, pusieron las mismas baladitas de siempre y arrancaron a echar carreta. Pasadas 2 horas de ingesti\u00f3n continua, el Cej\u00f3n puso sus manotas en las rodillas y dijo: <em>\"Bfffff bffueno... mmm me voy hermano, hic... porque mi sposa me esta e... esperando\".<\/em> Pero con lo que no contaba el Cej\u00f3n cuando empez\u00f3 a despedirse era que rayando las 6 y pico de la tarde la visibilidad era poca y adem\u00e1s estaba lloviendo, as\u00ed que para cuando sali\u00f3 de la morada la noche hab\u00eda tendido su manto oscuro sobre la regi\u00f3n y hab\u00eda lodo por doquier...<\/p>\n<p>Mont\u00f3se en su veh\u00edculo y atendi\u00f3 con desinter\u00e9s a las recomendaciones que el Fugao le estaba haciendo con respecto a la acequia cuando echara reversa. <em>\"Pilas te encunet\u00e1s\"<\/em> le dec\u00eda haci\u00e9ndole se\u00f1as. <em>\"Ffff... fresco, fresco mijo, yo voy bien, hic\"<\/em> le contestaba el Cej\u00f3n.<\/p>\n<p>En eso ech\u00f3 reversa y BLUM, directico al hueco fue a dar el cebollo. Y como todav\u00eda no atinaba a lo que estaba pasando, abri\u00f3 la puerta para bajarse y CHUMBULON, cay\u00f3 a la acequia!. El agua mugrienta de la loma se le meti\u00f3 por la camisa, al tratar de pararse resbalose y volvi\u00f3 a la madre tierra y cuando extendi\u00f3 instintivamente sus manos para apoyarse, <em>\"AAAAYYYYY\"<\/em> grit\u00f3 desconsolado. <em>\"Que pas\u00f3, que pas\u00f3 hermano...\",<\/em> dec\u00eda alarmao el Fugao; <em>\"Ayayayyy mi dedo, mi dedo...\"<\/em> lamentaba seguidamente el Cejoncito.<\/p>\n<p><img loading=\"lazy\" decoding=\"async\" class=\"alignleft size-full wp-image-1005\" src=\"https:\/\/tachenko.com\/etachenko\/wp-content\/uploads\/2017\/03\/la-helada-pin-sm.gif\" alt=\"\" width=\"150\" height=\"150\" \/>El Fugao atendi\u00f3 las dolencias de su amigo lo mejor que pudo, pero como no hab\u00eda mucho que se pudiera hacer le peg\u00f3 una sacudidita y lo mand\u00f3 pa' su casa.<\/p>\n<p>El final de esta historia es que el Cej\u00f3n se present\u00f3 ante su esposita linda tufoliento, embarrao hastal tujes con la ropa hecha pedazos y el dedo en 3 partes astillado. Cu\u00e1l no ser\u00eda la sorpresa de su consorte al verlo en este estado, ella bella y apacible que lo esperaba ansiosamente pa' servirle la comidita...!. \u2014ET<\/p>\n<p>&nbsp;<\/p>\n<\/div><\/div>","protected":false},"excerpt":{"rendered":"<p>La Helada Finca en Las Estepas El Fugao \u2013 Cap\u00edtulo I Por: La Direcci\u00f3n Uno de los tantos paraderos que habit\u00f3 el Fugao fue una finca bellamente decorada en los alrededores de la ciudad. El paraje era encantador, el paisaje fascinante, los habitantes sumamente amistosos, todo estaba muy bien... pero hac\u00eda un fr\u00edo el berraco!!!. [&hellip;]<\/p>\n","protected":false},"author":1,"featured_media":0,"parent":955,"menu_order":0,"comment_status":"closed","ping_status":"closed","template":"","meta":{"footnotes":""},"class_list":["post-980","page","type-page","status-publish","hentry"],"_links":{"self":[{"href":"https:\/\/tachenko.com\/etachenko\/wp-json\/wp\/v2\/pages\/980","targetHints":{"allow":["GET"]}}],"collection":[{"href":"https:\/\/tachenko.com\/etachenko\/wp-json\/wp\/v2\/pages"}],"about":[{"href":"https:\/\/tachenko.com\/etachenko\/wp-json\/wp\/v2\/types\/page"}],"author":[{"embeddable":true,"href":"https:\/\/tachenko.com\/etachenko\/wp-json\/wp\/v2\/users\/1"}],"replies":[{"embeddable":true,"href":"https:\/\/tachenko.com\/etachenko\/wp-json\/wp\/v2\/comments?post=980"}],"version-history":[{"count":16,"href":"https:\/\/tachenko.com\/etachenko\/wp-json\/wp\/v2\/pages\/980\/revisions"}],"predecessor-version":[{"id":1298,"href":"https:\/\/tachenko.com\/etachenko\/wp-json\/wp\/v2\/pages\/980\/revisions\/1298"}],"up":[{"embeddable":true,"href":"https:\/\/tachenko.com\/etachenko\/wp-json\/wp\/v2\/pages\/955"}],"wp:attachment":[{"href":"https:\/\/tachenko.com\/etachenko\/wp-json\/wp\/v2\/media?parent=980"}],"curies":[{"name":"wp","href":"https:\/\/api.w.org\/{rel}","templated":true}]}}