{"id":978,"date":"2017-03-11T10:45:13","date_gmt":"2017-03-11T15:45:13","guid":{"rendered":"https:\/\/tachenko.com\/etachenko\/?page_id=978"},"modified":"2017-03-12T23:08:46","modified_gmt":"2017-03-13T04:08:46","slug":"timado-giron","status":"publish","type":"page","link":"https:\/\/tachenko.com\/etachenko\/ed-22-may-28-2000\/timado-giron\/","title":{"rendered":"Timado Gir\u00f3n"},"content":{"rendered":"<div id=\"dslc-theme-content\"><div id=\"dslc-theme-content-inner\"><h1><span style=\"color: #666699;\"><em>\"Hago CLIC y no hace Nada!\"<\/em><\/span><\/h1>\n<p class=\"JAS_Main_Title\">Timado Gir\u00f3n<\/p>\n<p class=\"JAS_Insertos_Tipo_Reuter\">Por: La Redacci\u00f3n<\/p>\n<p><img loading=\"lazy\" decoding=\"async\" class=\"alignleft size-full wp-image-877\" src=\"https:\/\/tachenko.com\/etachenko\/wp-content\/uploads\/2017\/03\/Click.jpg\" alt=\"\" width=\"158\" height=\"168\" srcset=\"https:\/\/tachenko.com\/etachenko\/wp-content\/uploads\/2017\/03\/Click.jpg 158w, https:\/\/tachenko.com\/etachenko\/wp-content\/uploads\/2017\/03\/Click-141x150.jpg 141w\" sizes=\"auto, (max-width: 158px) 100vw, 158px\" \/>En d\u00edas pasados aconteci\u00f3 una graciosa situaci\u00f3n cuando uno de los nuevos suscriptores fue timado cuando trat\u00f3 de ingresar por primera vez al website del Espori\u00f3dico.<\/p>\n<p>Se trata de el distinguid\u00edsimo, afamado y mundialmente popular arquitecto Alvaro Jos\u00e9 Gir\u00f3n Negret, quien actualmente se encuentra lavando platos y aprendiendo griego en un conocido restaurante (griego) ubicado en una bella ciudad al noroeste de los Estados Unidos.<\/p>\n<p>Este personaje, no muy diestro en temas computacionales seg\u00fan se asume, asever\u00f3 a este Espori\u00f3dico que tem\u00eda morrocotudamente acercarse a la pantalla de su PC por temor a que saliera una mano y lo mechoniara por batido.<\/p>\n<p>Tres horas despu\u00e9s del montaje de la p\u00e1gina de E-ET en la red Internet Gir\u00f3n ya estaba tratando de entrar, de lo que se deduce que al Arquitecto le queda bastante tiempo libre... Y ante la imposibilidad de ingresar, el alba\u00f1il envi\u00f3 un correo URGENTE al director para que corrigiera el inconveniente.<\/p>\n<p>Ante esto el Director muy preocupado pas\u00f3 una noche entera revisando los complejos c\u00f3digos tratando de averiguar cu\u00e1l era el problema, pero no encontr\u00f3 nada, todo estaba bien..., entonces escribi\u00f3 a Gir\u00f3n recomendando que quiz\u00e1 ten\u00eda la direcci\u00f3n del E-ET mala y se la rescribi\u00f3 para que llegara al lugar correcto. Pasados unos segundos Gir\u00f3n volvi\u00f3 a escribir diciendo lo siguiente:<\/p>\n<p><em>\"Pues como me dijiste visit\u00e9 la p\u00e1gina en http:\/\/tachenko.tripod.com, pero sigo viendo lo mismo de ayer, mejor dicho la p\u00e1gina abre y cuando me paro en el pollo principal me sale un avisito que me dice 'Para entrar... mir\u00e1 bien', y le hago click y no hace nada. \u00bfQu\u00e9 ser\u00e1 que pasa?, contame pues que estoy consternado!. Exitos, AJG\".<\/em><\/p>\n<p>El problema no era la p\u00e1gina, era que el pobre Gir\u00f3n hab\u00eda sido v\u00edctima del m\u00e1s absurdo de los timos, de forma completa y profunda por el truquito para ingresar. Entonces el Director le contest\u00f3:<\/p>\n<p><em>\"Ah no mi negro, la p\u00e1gina est\u00e1 funcionando PERFECTO, lo que pasa es que no has pillado c\u00f3mo entrar... MIRA BIEN JETON !!!. Tu amigo, JAS\" \ud83d\ude09<br \/>\n <\/em><\/p>\n<p>Y por fin, luego de 250 mil intentos y un conchito, Gir\u00f3n pudo leer lo que relataba El Tachenko en sus interiores. Finalmente escribi\u00f3 una misiva, ya m\u00e1s tranquilo, que dec\u00eda como sigue:<\/p>\n<p><em>\"Muy chistocito el Director con las claves para poder acceder, no?. Pues la forma como descubr\u00ed la tan dif\u00edcil tarea fue que por pura casualidad. Me met\u00ed en los ojos del pajarraco ese y al fin me sali\u00f3 algo que parec\u00eda interesante, l\u00f3gicamente esto despu\u00e9s de muchos clicks...\".<\/em><\/p>\n<p>Bueno, un Hurra (hurraaaaa) para Gir\u00f3n, que le toc\u00f3 batallar pero por fin logr\u00f3lo. Fue tan escandalosa la situaci\u00f3n que el Departamento de Dise\u00f1o del E-ET elabor\u00f3 un Banner publicitario alusivo al pobre Dr. Gir\u00f3n, que debe andar por ah\u00ed entre alguno de los v\u00ednculos de estas p\u00e1ginas. Felicitaciones mi Negro, primera plana pap\u00e1 !!! \u2014ET<\/p>\n<\/div><\/div>","protected":false},"excerpt":{"rendered":"<p>\"Hago CLIC y no hace Nada!\" Timado Gir\u00f3n Por: La Redacci\u00f3n En d\u00edas pasados aconteci\u00f3 una graciosa situaci\u00f3n cuando uno de los nuevos suscriptores fue timado cuando trat\u00f3 de ingresar por primera vez al website del Espori\u00f3dico. Se trata de el distinguid\u00edsimo, afamado y mundialmente popular arquitecto Alvaro Jos\u00e9 Gir\u00f3n Negret, quien actualmente se encuentra [&hellip;]<\/p>\n","protected":false},"author":1,"featured_media":0,"parent":955,"menu_order":0,"comment_status":"closed","ping_status":"closed","template":"","meta":{"footnotes":""},"class_list":["post-978","page","type-page","status-publish","hentry"],"_links":{"self":[{"href":"https:\/\/tachenko.com\/etachenko\/wp-json\/wp\/v2\/pages\/978","targetHints":{"allow":["GET"]}}],"collection":[{"href":"https:\/\/tachenko.com\/etachenko\/wp-json\/wp\/v2\/pages"}],"about":[{"href":"https:\/\/tachenko.com\/etachenko\/wp-json\/wp\/v2\/types\/page"}],"author":[{"embeddable":true,"href":"https:\/\/tachenko.com\/etachenko\/wp-json\/wp\/v2\/users\/1"}],"replies":[{"embeddable":true,"href":"https:\/\/tachenko.com\/etachenko\/wp-json\/wp\/v2\/comments?post=978"}],"version-history":[{"count":9,"href":"https:\/\/tachenko.com\/etachenko\/wp-json\/wp\/v2\/pages\/978\/revisions"}],"predecessor-version":[{"id":1299,"href":"https:\/\/tachenko.com\/etachenko\/wp-json\/wp\/v2\/pages\/978\/revisions\/1299"}],"up":[{"embeddable":true,"href":"https:\/\/tachenko.com\/etachenko\/wp-json\/wp\/v2\/pages\/955"}],"wp:attachment":[{"href":"https:\/\/tachenko.com\/etachenko\/wp-json\/wp\/v2\/media?parent=978"}],"curies":[{"name":"wp","href":"https:\/\/api.w.org\/{rel}","templated":true}]}}