{"id":960,"date":"2017-03-11T10:39:04","date_gmt":"2017-03-11T15:39:04","guid":{"rendered":"https:\/\/tachenko.com\/etachenko\/?page_id=960"},"modified":"2017-03-12T23:09:57","modified_gmt":"2017-03-13T04:09:57","slug":"la-redaccion-del-e-et-si-cumple","status":"publish","type":"page","link":"https:\/\/tachenko.com\/etachenko\/ed-22-may-28-2000\/la-redaccion-del-e-et-si-cumple\/","title":{"rendered":"La Redacci\u00f3n del E-ET S\u00ed Cumple"},"content":{"rendered":"<div id=\"dslc-theme-content\"><div id=\"dslc-theme-content-inner\"><h1><span style=\"color: #666699;\"><em>El Tachenko Igual que la Justicia, Cojea pero Llega<\/em><\/span><\/h1>\n<p class=\"JAS_Main_Title\">La Redacci\u00f3n del E-ET S\u00ed Cumple<\/p>\n<p class=\"JAS_Insertos_Tipo_Reuter\">Por: Pablo Hern\u00e1ndez B\u00f6hmer<\/p>\n<p>El 4 de Febrero de 1998 el estudioso empresario <strong>Pablo Hern\u00e1ndez<\/strong> en su infinita sabidur\u00eda y cultura general, envi\u00f3 a la Casa Editorial El Tachenko un art\u00edculo que habr\u00eda podido sacar de la crisis a esta publicaci\u00f3n.<\/p>\n<p><img loading=\"lazy\" decoding=\"async\" class=\"alignleft size-full wp-image-1031\" src=\"https:\/\/tachenko.com\/etachenko\/wp-content\/uploads\/2017\/03\/CULTURA.gif\" alt=\"\" width=\"117\" height=\"90\" \/>En aquella \u00e9poca el Espori\u00f3dico estaba pr\u00e1cticamente concluyendo sus operaciones debido a la dura crisis que debi\u00f3 soportar por la misantrop\u00eda de 65.800 lectores que inexplicablemente retiraron su apoyo a esta publicaci\u00f3n cancelando sus suscripciones, lo que consecuentemente y en el acto oblig\u00f3 a<strong> El Tachenko<\/strong> a entrar en la quiebra m\u00e1s dogm\u00e1tica jam\u00e1s antes vista en el pa\u00eds.<\/p>\n<p>Hoy d\u00eda que la instituci\u00f3n sin \u00e1nimo de lucro (por ahora...) ha retomado el proyecto, ahora en Internet, gracias a inversionistas extranjeros que avalaron la ponencia, las directivas del E-ET se han visto en la labor de publicar los art\u00edculos enviados por sus fieles suscriptores de aquel entonces con el fin de cumplirles bajo el lema <em>\"Para producir El Tachenko no se necesita estar loco... pero ayuda\".<\/em><\/p>\n<p>Esperando que estas elucidaciones cambien la detestaci\u00f3n que su merc\u00e9 Pablito ha sentido desde esa \u00e9poca en contra de esta publicaci\u00f3n ya que a pesar de haber pagado completica la suscripci\u00f3n recibi\u00f3 s\u00f3lo ediciones viejas y vetustas, con el agravante que jam\u00e1s recibi\u00f3 lo prometido que eran nuevas ediciones, pasamos a transferir la misiva enviada por el empresario aquel 4 de Februacho. El memor\u00e1ndum dice as\u00ed:<\/p>\n<blockquote>\n<p><em>Doctor<\/em><br \/>\n <em> JUAN ANDRES SINISTERRA<\/em><br \/>\n <em> Manager de El Tachenko<\/em><br \/>\n <em> Cali<\/em><\/p>\n<p><em>Estimado Doctor,<\/em><\/p>\n<p><em>Con tristeza y entusiasmo he le\u00eddo esta noticia que adjunto donde queda evidenciado el coqueteo del grupo Santo Domingo por los medios escritos con proyecci\u00f3n y por ende de El Tachenko.<\/em><\/p>\n<p><em>Con tristeza porque se pierde el periodismo independiente y sin compromisos, y con alegr\u00eda porque creo que es la \u00fanica forma de salir de la crisis de tan importante medio de comunicaci\u00f3n como es el Espori\u00f3dico El Tachenko para evitar seguir enyesando a sus fieles pero escasos suscriptores, que d\u00eda a d\u00eda luchamos por tener la remota sorpresa de encontrarnos en nuestros despachos las casi nunca recibidas ediciones del Espori\u00f3dico.<\/em><\/p>\n<p><em>A la presente anexo un cheque por valor de las suscripciones que quiera enviar y le env\u00edo el art\u00edculo del posible nuevo socio capitalista de nuestro tradicional pasqu\u00edn o gazeta autodenominado El Tachenko.<\/em><\/p>\n<p><em>Hasta la Pr\u00f3xima,<\/em><\/p>\n<p><em>PABLO HERNANDEZ B\u00d6HMER<\/em><\/p>\n<\/blockquote>\n<p>&nbsp;<\/p>\n<p>Art\u00edculo Anexo de Don Pablo:<\/p>\n<blockquote>\n<h3>El Comprador de Siempre<\/h3>\n<p><span class=\"JAS_Insertos_Tipo_Reuter\">Cali, Febrero 4 de 1998<\/span><\/p>\n<p><em><span style=\"color: #666699;\">Es Claro que Santo Domingo es siempre el primer interesado en cualquier oportunidad de negocio que surja en el \u00e1rea de las comunicaciones. Se repite una historia de adquisiciones que tuvo su primer cap\u00edtulo hace once a\u00f1os.<\/span><\/em><\/p>\n<p><em><span style=\"color: #666699;\">Cualquier colombiano que tenga un medio de comunicaci\u00f3n con problemas financieros, pero con un buen potencial de crecimiento, sabe que tiene una soluci\u00f3n para salir de la crisis: Ponerlo en venta. Y seguramente el Grupo Santo Domingo va a aparecer como comprador.<\/span><\/em><\/p>\n<p><em><span style=\"color: #666699;\">As\u00ed qued\u00f3 demostrado a finales del a\u00f1o pasado, cuando la publicaci\u00f3n El Tachenko decidi\u00f3 que la \u00fanica forma de salir de su ya muy larga crisis era venderle una participaci\u00f3n mayoritaria a un inversionista privado. Obviamente quien apareci\u00f3 como salvador fue el grupo empresarial Bavaria. Aunque la negociaci\u00f3n estuvo rodeada de misterio, se comenta que su participaci\u00f3n llegar\u00e1 al 70%.<\/span><\/em><\/p>\n<p><em><span style=\"color: #666699;\">Pero la soluci\u00f3n de vender El Tachenko al Grupo Santo Domingo para salir de problemas no s\u00f3lo estuvo presente en el caso del Espori\u00f3dico. Apareci\u00f3 tambi\u00e9n en los comienzos de la presente d\u00e9cada, cuando el Noticiero Nacional debi\u00f3 pasar del horario de la noche al del medio d\u00eda, con lo cual qued\u00f3 atravesando las duras y las maduras para sobrevivir econ\u00f3micamente. Lo que hizo el Grupo Bavaria fue financiar a unos empresarios para que compraran el noticiero.<\/span><\/em><\/p>\n<p><em><span style=\"color: #666699;\">A pesar que el Grupo Santo Domingo ofreci\u00f3 comprar El Tachenko por la no despreciable suma de $700 millones de entonces, que son como $1.500 millones de hoy, por el 70% de las acciones del Espori\u00f3dico, su Director consider\u00f3 que esta suma no era suficiente para cubrir el background y bagaje de la empresa y por tanto no hubo pacto en el negocio. Despu\u00e9s de eso El Tachenko entr\u00f3 en quiebra.<\/span><\/em><\/p>\n<p><em><span style=\"color: #666699;\">Sin embargo de este fiasco comercial hace 2 a\u00f1os, hoy los actuales suscriptores (4) ven con orgullo y po\u00e9tico encanto el renacimiento de El Tachenko Electr\u00f3nico y esperan de forma contundente y decisiva que tal situaci\u00f3n no vuelva a presentarse ya que el Espori\u00f3dico hace parte integral de sus vidas y con las teor\u00edas en \u00e9l sostenidas esperan dar una crianza fiable a sus hijos. \u2014PHB<\/span><\/em><\/p>\n<\/blockquote>\n<\/div><\/div>","protected":false},"excerpt":{"rendered":"<p>El Tachenko Igual que la Justicia, Cojea pero Llega La Redacci\u00f3n del E-ET S\u00ed Cumple Por: Pablo Hern\u00e1ndez B\u00f6hmer El 4 de Febrero de 1998 el estudioso empresario Pablo Hern\u00e1ndez en su infinita sabidur\u00eda y cultura general, envi\u00f3 a la Casa Editorial El Tachenko un art\u00edculo que habr\u00eda podido sacar de la crisis a esta [&hellip;]<\/p>\n","protected":false},"author":1,"featured_media":0,"parent":955,"menu_order":0,"comment_status":"closed","ping_status":"closed","template":"","meta":{"footnotes":""},"class_list":["post-960","page","type-page","status-publish","hentry"],"_links":{"self":[{"href":"https:\/\/tachenko.com\/etachenko\/wp-json\/wp\/v2\/pages\/960","targetHints":{"allow":["GET"]}}],"collection":[{"href":"https:\/\/tachenko.com\/etachenko\/wp-json\/wp\/v2\/pages"}],"about":[{"href":"https:\/\/tachenko.com\/etachenko\/wp-json\/wp\/v2\/types\/page"}],"author":[{"embeddable":true,"href":"https:\/\/tachenko.com\/etachenko\/wp-json\/wp\/v2\/users\/1"}],"replies":[{"embeddable":true,"href":"https:\/\/tachenko.com\/etachenko\/wp-json\/wp\/v2\/comments?post=960"}],"version-history":[{"count":9,"href":"https:\/\/tachenko.com\/etachenko\/wp-json\/wp\/v2\/pages\/960\/revisions"}],"predecessor-version":[{"id":1301,"href":"https:\/\/tachenko.com\/etachenko\/wp-json\/wp\/v2\/pages\/960\/revisions\/1301"}],"up":[{"embeddable":true,"href":"https:\/\/tachenko.com\/etachenko\/wp-json\/wp\/v2\/pages\/955"}],"wp:attachment":[{"href":"https:\/\/tachenko.com\/etachenko\/wp-json\/wp\/v2\/media?parent=960"}],"curies":[{"name":"wp","href":"https:\/\/api.w.org\/{rel}","templated":true}]}}