{"id":9,"date":"2017-03-05T03:49:36","date_gmt":"2017-03-05T08:49:36","guid":{"rendered":"https:\/\/tachenko.com\/etachenko\/?page_id=9"},"modified":"2017-03-12T23:03:31","modified_gmt":"2017-03-13T04:03:31","slug":"impresos","status":"publish","type":"page","link":"https:\/\/tachenko.com\/etachenko\/impresos\/","title":{"rendered":"Tachenkos para Descargar"},"content":{"rendered":"<div id=\"dslc-theme-content\"><div id=\"dslc-theme-content-inner\"><p class=\"JAS_Main_Title\">Tachenkos para Descargar<\/p>\n<p class=\"JAS_Insertos_Tipo_Reuter\">Por: El Director<\/p>\n<p>Este es el listado de todas las ediciones que se produjeron en aquella \u00e9poca, desde 1994 hasta 1998. <strong>No te vas a perder!<\/strong> Estos son los mismos enlaces que encontr\u00e1s en el men\u00fa \"Impresos\" (arriba)<em>,<\/em> solo que ac\u00e1 ves el listado completo.<\/p>\n<p><img loading=\"lazy\" decoding=\"async\" class=\"alignleft wp-image-749 size-full\" src=\"https:\/\/tachenko.com\/etachenko\/wp-content\/uploads\/2017\/03\/icon-pdf.png\" alt=\"\" width=\"48\" height=\"48\" \/>Todos los Tachenko impresos est\u00e1n en PDF. Los escane\u00e9 en buena resoluci\u00f3n pa' que pod\u00e1s obtener buena calidad tanto para su lectura (en caso que los quer\u00e1s leer) como tambi\u00e9n para su impresi\u00f3n (en caso que los quer\u00e1s imprimir). Es decir, para ambas cosas: para leer y para imprimir. Yyyy por esta raz\u00f3n los archivos son algo pesados (entre 5 y 12 Mb). Tons PACIENCIA eh? Tardan un pel\u00edn en descargarse...<\/p>\n<p>Ahora, vos te preguntar\u00e1s que si <strong>El Tachenko<\/strong> se editaba DIGITALMENTE, porqu\u00e9 diantres ten\u00e9s que soportar estos elefantes tan jartos y pesados como son los PDF. Buena pregunta! Y la respuesta es sencilla: Ya no tengo el programa que usaba aquella \u00e9poca para abrir los archivos!!! Y lo que da m\u00e1s piedra es que los tengo aqu\u00ed en mi computador, mir\u00e1los v\u00e9!\u00a0 S\u00ed yo s\u00e9..., terrible, terrible! Es como tener la dicha..., pero lejos!!! Ese programa ya est\u00e1 en desuso, no existe, muri\u00f3, feneci\u00f3. Y luego de mucho explorar opciones la m\u00e1s viable fue escanear los Tachenkos que tengo ac\u00e1 impresos. Si los quer\u00e9s pa' fotocopiarlos miavis\u00e1s pa' no prest\u00e1rtelos...! \u00bfQqque? Eso es una joya! Olvid\u00e1te! Necuacua!<\/p>\n<p>Volviendo a lo nuestro, clicke\u00e1 cada link y se abrir\u00e1 el respectivo Tachenko en una nueva ventana. Que los disfrut\u00e9s y volv\u00e1s a re\u00edr!\u00a0 \ud83d\ude42<\/p>\n<p>Salud Tachenko! \u2014ET<\/p>\n<p>&nbsp;<\/p>\n<p><strong><img loading=\"lazy\" decoding=\"async\" class=\"alignright size-full wp-image-786\" src=\"https:\/\/tachenko.com\/etachenko\/wp-content\/uploads\/2017\/03\/vv-tesis01.jpg\" alt=\"\" width=\"578\" height=\"626\" srcset=\"https:\/\/tachenko.com\/etachenko\/wp-content\/uploads\/2017\/03\/vv-tesis01.jpg 578w, https:\/\/tachenko.com\/etachenko\/wp-content\/uploads\/2017\/03\/vv-tesis01-138x150.jpg 138w, https:\/\/tachenko.com\/etachenko\/wp-content\/uploads\/2017\/03\/vv-tesis01-277x300.jpg 277w\" sizes=\"auto, (max-width: 578px) 100vw, 578px\" \/>IMPRESOS: <span style=\"color: #ff6600;\">GRATUITOS<\/span><\/strong><\/p>\n<ul>\n<li><strong>Ed 01:<\/strong> <a href=\"https:\/\/tachenko.com\/etachenko\/wp-content\/uploads\/2017\/03\/ED01.pdf\" target=\"_blank\">Domingo 30 de Octubre de 1994<\/a><\/li>\n<li><strong>Ed 02:<\/strong> <a href=\"https:\/\/tachenko.com\/etachenko\/wp-content\/uploads\/2017\/03\/ED02.pdf\" target=\"_blank\">Martes 8 de Noviembre de 1994<\/a><\/li>\n<li><strong>Ed 03:<\/strong> <a href=\"https:\/\/tachenko.com\/etachenko\/wp-content\/uploads\/2017\/03\/ED03.pdf\" target=\"_blank\">Jueves 17 de Noviembre de 1994<\/a><\/li>\n<li><strong>Ed 04:<\/strong> <a href=\"https:\/\/tachenko.com\/etachenko\/wp-content\/uploads\/2017\/03\/ED04.pdf\" target=\"_blank\">Lunes 5 de Diciembre de 1994<\/a><\/li>\n<li><strong>Ed 05:<\/strong> <a href=\"https:\/\/tachenko.com\/etachenko\/wp-content\/uploads\/2017\/03\/ED05.pdf\" target=\"_blank\">S\u00e1bado 24 de Diciembre de 1994<\/a><\/li>\n<\/ul>\n<p><strong>IMPRESOS: <span style=\"color: #ff6600;\">PRIMERA TANDA<\/span><\/strong><\/p>\n<ul>\n<li><strong>Ed 06:<\/strong> <a href=\"https:\/\/tachenko.com\/etachenko\/wp-content\/uploads\/2017\/03\/ED06.pdf\" target=\"_blank\">Domingo 29 de Enero de 1995<\/a><\/li>\n<li><strong>Ed 07:<\/strong> <a href=\"https:\/\/tachenko.com\/etachenko\/wp-content\/uploads\/2017\/03\/ED07.pdf\" target=\"_blank\">Lunes 13 de Marzo de 1995<\/a><\/li>\n<li><strong>Ed 08:<\/strong> <a href=\"https:\/\/tachenko.com\/etachenko\/wp-content\/uploads\/2017\/03\/ED08.pdf\" target=\"_blank\">Lunes 24 de Abril de 1995<\/a><\/li>\n<li><strong>Ed 09:<\/strong> <a href=\"https:\/\/tachenko.com\/etachenko\/wp-content\/uploads\/2017\/03\/ED09.pdf\" target=\"_blank\">Jueves 22 de Junio de 1995<\/a><\/li>\n<li><strong>Ed 10:<\/strong> <a href=\"https:\/\/tachenko.com\/etachenko\/wp-content\/uploads\/2017\/03\/ED10.pdf\" target=\"_blank\">S\u00e1bado 19 de Agosto de 1995<\/a><\/li>\n<li><strong>Ed 11:<\/strong> <a href=\"https:\/\/tachenko.com\/etachenko\/wp-content\/uploads\/2017\/03\/ED11.pdf\" target=\"_blank\">Martes 24 de Octubre de 1995<\/a><\/li>\n<\/ul>\n<p><strong>IMPRESOS: <span style=\"color: #ff6600;\">SEGUNDA TANDA<\/span><\/strong><\/p>\n<ul>\n<li><strong>Ed 12:<\/strong> <a href=\"https:\/\/tachenko.com\/etachenko\/wp-content\/uploads\/2017\/03\/ED12.pdf\" target=\"_blank\">Mi\u00e9rcoles 27 de Diciembre de 1995<\/a><\/li>\n<li><strong>Ed 13:<\/strong> <a href=\"https:\/\/tachenko.com\/etachenko\/wp-content\/uploads\/2017\/03\/ED13.pdf\" target=\"_blank\">Lunes 5 de Febrero de 1996<\/a><\/li>\n<li><strong>Ed 14:<\/strong> <a href=\"https:\/\/tachenko.com\/etachenko\/wp-content\/uploads\/2017\/03\/ED14.pdf\" target=\"_blank\">Mi\u00e9rcoles 27 de Marzo de 1996<\/a><\/li>\n<li><strong>Ed 15:<\/strong> <a href=\"https:\/\/tachenko.com\/etachenko\/wp-content\/uploads\/2017\/03\/ED15.pdf\" target=\"_blank\">Domingo 9 de Junio de 1996<\/a><\/li>\n<li><strong>Ed 16:<\/strong> <a href=\"https:\/\/tachenko.com\/etachenko\/wp-content\/uploads\/2017\/03\/ED16.pdf\" target=\"_blank\">Viernes 2 de Agosto de 1996<\/a><\/li>\n<li><strong>Ed Especial:<\/strong> <a href=\"https:\/\/tachenko.com\/etachenko\/wp-content\/uploads\/2017\/03\/ED16A.pdf\" target=\"_blank\">Jueves 15 de Agosto de 1996<\/a><\/li>\n<li><strong>Ed 17:<\/strong> <a href=\"https:\/\/tachenko.com\/etachenko\/wp-content\/uploads\/2017\/03\/ED17.pdf\" target=\"_blank\">Jueves 5 de Septiembre de 1996<\/a><\/li>\n<\/ul>\n<p><strong>IMPRESOS: <span style=\"color: #ff6600;\">TERCERA TANDA<\/span><\/strong><\/p>\n<ul>\n<li><strong>Ed Especial:<\/strong> <a href=\"https:\/\/tachenko.com\/etachenko\/wp-content\/uploads\/2017\/03\/ED17A.pdf\" target=\"_blank\">S\u00e1bado 14 de Diciembre de 1996<\/a><\/li>\n<li><strong>Ed 18:<\/strong> <a href=\"https:\/\/tachenko.com\/etachenko\/wp-content\/uploads\/2017\/03\/ED18.pdf\" target=\"_blank\">Domingo, Enero 26 de 1997<\/a><\/li>\n<li><strong>Ed 19:<\/strong> <a href=\"https:\/\/tachenko.com\/etachenko\/wp-content\/uploads\/2017\/03\/ED19.pdf\" target=\"_blank\">Martes, Febrero 11 de 1997<\/a><\/li>\n<li><strong>Ed 20:<\/strong> <a href=\"https:\/\/tachenko.com\/etachenko\/wp-content\/uploads\/2017\/03\/ED20.pdf\" target=\"_blank\">Jueves, Agosto 7 de 1997<\/a><\/li>\n<li><strong>Ed 21:<\/strong> <a href=\"https:\/\/tachenko.com\/etachenko\/wp-content\/uploads\/2017\/03\/ED21.pdf\" target=\"_blank\">S\u00e1bado, Enero 10 de 1998<\/a><\/li>\n<\/ul>\n<p><strong>TACHENKO ELECTRONICO<\/strong><span style=\"color: #808080;\"> (eTachenko):<\/span><strong> <span style=\"color: #ff6600;\">TANDA UNICA<\/span><\/strong><\/p>\n<ul>\n<li><strong>Ed 22:<\/strong> <a href=\"https:\/\/tachenko.com\/etachenko\/ed-22-may-28-2000\/el-tachenko-en-internet\/\" target=\"_blank\">Domingo, Mayo 28 de 2000<\/a><\/li>\n<\/ul>\n<\/div><\/div>","protected":false},"excerpt":{"rendered":"<p>Tachenkos para Descargar Por: El Director Este es el listado de todas las ediciones que se produjeron en aquella \u00e9poca, desde 1994 hasta 1998. No te vas a perder! Estos son los mismos enlaces que encontr\u00e1s en el men\u00fa \"Impresos\" (arriba), solo que ac\u00e1 ves el listado completo. Todos los Tachenko impresos est\u00e1n en PDF. [&hellip;]<\/p>\n","protected":false},"author":1,"featured_media":0,"parent":0,"menu_order":0,"comment_status":"closed","ping_status":"closed","template":"templates\/full-page.php","meta":{"footnotes":""},"class_list":["post-9","page","type-page","status-publish","hentry"],"_links":{"self":[{"href":"https:\/\/tachenko.com\/etachenko\/wp-json\/wp\/v2\/pages\/9","targetHints":{"allow":["GET"]}}],"collection":[{"href":"https:\/\/tachenko.com\/etachenko\/wp-json\/wp\/v2\/pages"}],"about":[{"href":"https:\/\/tachenko.com\/etachenko\/wp-json\/wp\/v2\/types\/page"}],"author":[{"embeddable":true,"href":"https:\/\/tachenko.com\/etachenko\/wp-json\/wp\/v2\/users\/1"}],"replies":[{"embeddable":true,"href":"https:\/\/tachenko.com\/etachenko\/wp-json\/wp\/v2\/comments?post=9"}],"version-history":[{"count":36,"href":"https:\/\/tachenko.com\/etachenko\/wp-json\/wp\/v2\/pages\/9\/revisions"}],"predecessor-version":[{"id":1293,"href":"https:\/\/tachenko.com\/etachenko\/wp-json\/wp\/v2\/pages\/9\/revisions\/1293"}],"wp:attachment":[{"href":"https:\/\/tachenko.com\/etachenko\/wp-json\/wp\/v2\/media?parent=9"}],"curies":[{"name":"wp","href":"https:\/\/api.w.org\/{rel}","templated":true}]}}