{"id":835,"date":"2017-03-11T03:17:10","date_gmt":"2017-03-11T08:17:10","guid":{"rendered":"https:\/\/tachenko.com\/etachenko\/?page_id=835"},"modified":"2017-03-13T05:07:30","modified_gmt":"2017-03-13T10:07:30","slug":"bibliografia","status":"publish","type":"page","link":"https:\/\/tachenko.com\/etachenko\/estudio-en-profundidad\/bibliografia\/","title":{"rendered":"Bibliograf\u00eda"},"content":{"rendered":"<div id=\"dslc-theme-content\"><div id=\"dslc-theme-content-inner\"><p><span style=\"font-family: impact,sans-serif;\"><strong><span style=\"font-size: 36pt;\"><span style=\"background-color: #000000; color: #ffffff;\">Bi<\/span>bliogra<\/span><\/strong><\/span><em><span style=\"font-family: times new roman,times,serif; font-size: 36pt;\">f<\/span><\/em><strong><span style=\"font-family: impact,sans-serif; font-size: 36pt;\"><span style=\"background-color: #000000; color: #ffffff;\">\u00eda\u00a0\u00a0\u00a0\u00a0\u00a0\u00a0 <br \/>\n <\/span><\/span><\/strong><\/p>\n<p><code>DAR Y, David. C\u00f3mo redactar noticias. Ediciones Marymar, Buenos Aires, 1976.<\/code><br \/>\n <code> \u00a0\u00a0\u00a0\u00a0\u00a0\u00a0\u00a0\u00a0\u00a0\u00a0<span style=\"color: #808080;\">194p.<\/span><\/code><\/p>\n<p><code>RAMOS, Julio. Desencuentros de la modernidad en Am\u00e9rica Latina: Decorar la ciudad. F.C.E M\u00e9xico, 1989.<\/code><br \/>\n <code> \u00a0\u00a0\u00a0\u00a0\u00a0\u00a0\u00a0\u00a0\u00a0\u00a0<span style=\"color: #808080;\">P\u00e1g. 113-142<\/span><\/code><\/p>\n<p><code>CAICEDO, Andr\u00e9s. Que viva la m\u00fasica. Oveja negra, Colombia, 1990.<\/code><br \/>\n <code> \u00a0\u00a0\u00a0\u00a0\u00a0\u00a0\u00a0\u00a0\u00a0\u00a0<span style=\"color: #808080;\">P\u00e1g. 188.<\/span><\/code><\/p>\n<p><code>GODDAR, Lourdes A. Guionismo. Editorial Diana.<\/code><br \/>\n <code> \u00a0\u00a0\u00a0\u00a0\u00a0\u00a0\u00a0\u00a0\u00a0\u00a0<span style=\"color: #808080;\">P\u00e1g. 13.<\/span><\/code><\/p>\n<p><code>BALLE, Francis. Comunicaci\u00f3n y sociedad: Evoluci\u00f3n y an\u00e1lisis comparativo de los medios.<\/code><br \/>\n <code> \u00a0\u00a0\u00a0\u00a0\u00a0\u00a0\u00a0\u00a0\u00a0\u00a0<span style=\"color: #808080;\">P\u00e1g. 412-413.<\/span><\/code><\/p>\n<p><code>LARRAHONDO, Fabio. Nuevo concepto en la noticia y la entrevista en el nuevo periodismo.<\/code><\/p>\n<p><code>MURDOCK, Graham. Las comunicaciones y la constituci\u00f3n de la modernidad en: Revista de Occidente, NO. 170\/171 Julio-Agosto<\/code><br \/>\n <code> \u00a0\u00a0\u00a0\u00a0\u00a0\u00a0\u00a0\u00a0\u00a0\u00a0<span style=\"color: #808080;\">1995<\/span><\/code><\/p>\n<p><code>GOMIS, Lorenzo. Teor\u00eda del periodismo: C\u00f3mo se forma el presente. Ediciones Paid\u00f3s, Buenos Aires, 1991.<\/code><br \/>\n <code> \u00a0\u00a0\u00a0\u00a0\u00a0\u00a0\u00a0\u00a0\u00a0\u00a0<span style=\"color: #808080;\">P\u00e1g. 18-19.<\/span><\/code><\/p>\n<p><code>ONG, Walter. Oralidad y Escritura: Tecnolog\u00edas de la palabra. Traducci\u00f3n de Ang\u00e9lica Scherp. Fondo de cultura econ\u00f3mica.<\/code><br \/>\n <code> \u00a0\u00a0\u00a0\u00a0\u00a0\u00a0\u00a0\u00a0\u00a0\u00a0<span style=\"color: #808080;\">P\u00e1g.38-116.<\/span><\/code><\/p>\n<p><code>ROMERO, Luis. Latinoam\u00e9rica, las ciudades y las ideas, siglo XXI: Las ciudades burguesas, Bogot\u00e1, 1984.<\/code><br \/>\n <code> \u00a0\u00a0\u00a0\u00a0\u00a0\u00a0\u00a0\u00a0\u00a0\u00a0<span style=\"color: #808080;\">P\u00e1g. 247-317.<\/span><\/code><\/p>\n<p><code>ACEVES, Francisco de Jes\u00fas. Anuario de investigaci\u00f3n de la comunicaci\u00f3n coneicci: La ciudad y la comunicaci\u00f3n. Apuntes de un encuentro con los urbanistas. Universidad de Guadalajara.<\/code><br \/>\n <code> \u00a0\u00a0\u00a0\u00a0\u00a0\u00a0\u00a0\u00a0\u00a0\u00a0<span style=\"color: #808080;\">P\u00e1g. 12.<\/span><\/code><\/p>\n<p><code>BARBERO, Jes\u00fas Mart\u00edn. Mediaciones urbanas y nuevos escenarios de la comunicaci\u00f3n en Revista Di\u00e1logos de la comunicaci\u00f3n No 42. Lima, Felafacs.<\/code><br \/>\n <code> \u00a0\u00a0\u00a0\u00a0\u00a0\u00a0\u00a0\u00a0\u00a0\u00a0<span style=\"color: #808080;\">1995.<\/span><\/code><\/p>\n<p><code>LANDOWSKI, Erick. Apartes de la conferencia \"Con el humor no se juega\".<\/code><\/p>\n<p>[su_divider style=\"dotted\" size=\"2\"]<\/p>\n<p style=\"text-align: center;\"><span style=\"font-size: 12pt; color: #808080;\">ANALISIS DEL ESPORIODICO EL TACHENKO<\/span><br \/>\n <span style=\"font-size: 10pt; color: #999999;\">Por: Victoria Eugenia Valencia, Maria Isabel Ospina, Mario Alfonso C\u00e1rdenas<\/span><br \/>\n <span style=\"font-size: 10pt; color: #999999;\"> Julio 10, 1996 \u00ae Todos los Derechos Reservados<\/span><\/p>\n<p class=\"JAS_Credits_TesisET\" style=\"text-align: center;\">UNIVERSIDAD DEL VALLE<br \/>\n HISTORIA DE LA COMUNICACI\u00d3N<br \/>\n TRABAJO FINAL: ANALISIS DEL ESPORIODICO EL TACHENKO<br \/>\n PRESENTADO A: GRISELA GOMES<br \/>\n POR:<br \/>\n MARIO ALFONSO CARDENAS, CODIGO: 9411573<br \/>\n MARIA ISABEL OSPINA, CODIGO: 9420998<br \/>\n VICTORIA EUGENCIA VALENCIA, CODIGO: 9417564<br \/>\n PLAN COMUNICACION SOCIAL (3548)<br \/>\n JULIO 10 DE 1996<\/p>\n<\/div><\/div>","protected":false},"excerpt":{"rendered":"<p>Bibliograf\u00eda\u00a0\u00a0\u00a0\u00a0\u00a0\u00a0 DAR Y, David. C\u00f3mo redactar noticias. Ediciones Marymar, Buenos Aires, 1976. \u00a0\u00a0\u00a0\u00a0\u00a0\u00a0\u00a0\u00a0\u00a0\u00a0194p. RAMOS, Julio. Desencuentros de la modernidad en Am\u00e9rica Latina: Decorar la ciudad. F.C.E M\u00e9xico, 1989. \u00a0\u00a0\u00a0\u00a0\u00a0\u00a0\u00a0\u00a0\u00a0\u00a0P\u00e1g. 113-142 CAICEDO, Andr\u00e9s. Que viva la m\u00fasica. Oveja negra, Colombia, 1990. \u00a0\u00a0\u00a0\u00a0\u00a0\u00a0\u00a0\u00a0\u00a0\u00a0P\u00e1g. 188. GODDAR, Lourdes A. Guionismo. Editorial Diana. \u00a0\u00a0\u00a0\u00a0\u00a0\u00a0\u00a0\u00a0\u00a0\u00a0P\u00e1g. 13. BALLE, Francis. Comunicaci\u00f3n y sociedad: [&hellip;]<\/p>\n","protected":false},"author":1,"featured_media":0,"parent":691,"menu_order":0,"comment_status":"closed","ping_status":"closed","template":"templates\/full-page.php","meta":{"footnotes":""},"class_list":["post-835","page","type-page","status-publish","hentry"],"_links":{"self":[{"href":"https:\/\/tachenko.com\/etachenko\/wp-json\/wp\/v2\/pages\/835","targetHints":{"allow":["GET"]}}],"collection":[{"href":"https:\/\/tachenko.com\/etachenko\/wp-json\/wp\/v2\/pages"}],"about":[{"href":"https:\/\/tachenko.com\/etachenko\/wp-json\/wp\/v2\/types\/page"}],"author":[{"embeddable":true,"href":"https:\/\/tachenko.com\/etachenko\/wp-json\/wp\/v2\/users\/1"}],"replies":[{"embeddable":true,"href":"https:\/\/tachenko.com\/etachenko\/wp-json\/wp\/v2\/comments?post=835"}],"version-history":[{"count":10,"href":"https:\/\/tachenko.com\/etachenko\/wp-json\/wp\/v2\/pages\/835\/revisions"}],"predecessor-version":[{"id":1421,"href":"https:\/\/tachenko.com\/etachenko\/wp-json\/wp\/v2\/pages\/835\/revisions\/1421"}],"up":[{"embeddable":true,"href":"https:\/\/tachenko.com\/etachenko\/wp-json\/wp\/v2\/pages\/691"}],"wp:attachment":[{"href":"https:\/\/tachenko.com\/etachenko\/wp-json\/wp\/v2\/media?parent=835"}],"curies":[{"name":"wp","href":"https:\/\/api.w.org\/{rel}","templated":true}]}}