{"id":829,"date":"2017-03-11T03:15:06","date_gmt":"2017-03-11T08:15:06","guid":{"rendered":"https:\/\/tachenko.com\/etachenko\/?page_id=829"},"modified":"2017-03-15T04:32:22","modified_gmt":"2017-03-15T09:32:22","slug":"circulacion","status":"publish","type":"page","link":"https:\/\/tachenko.com\/etachenko\/estudio-en-profundidad\/circulacion\/","title":{"rendered":"Circulaci\u00f3n"},"content":{"rendered":"<div id=\"dslc-theme-content\"><div id=\"dslc-theme-content-inner\"><p><span style=\"font-family: impact,sans-serif;\"><strong><span style=\"font-size: 36pt;\"><span style=\"background-color: #000000; color: #ffffff;\">Ci<\/span>rculac<\/span><\/strong><\/span><em><span style=\"font-family: times new roman,times,serif; font-size: 36pt;\">i<\/span><\/em><strong><span style=\"font-family: impact,sans-serif; font-size: 36pt;\"><span style=\"background-color: #000000; color: #ffffff;\">\u00f3n\u00a0\u00a0\u00a0\u00a0\u00a0\u00a0 <br \/>\n <\/span><\/span><\/strong><\/p>\n<p class=\"JAS_Insertos_Tipo_Reuter\">Por: M.I. Ospina, M.A. C\u00e1rdenas, V.E. Valencia<\/p>\n<p>El Espori\u00f3dico <strong>El Tachenko<\/strong> circula dentro de un grupo de 25 amigos, lo cual hace que sea muy limitado.<\/p>\n<p>Por su car\u00e1cter de \"Espori\u00f3dico\" no existe una fecha exacta que indique el d\u00eda en que \u00e9ste circular\u00e1. S\u00f3lo en el momento en que su realizador cuenta con tiempo y disponibilidad para la elaboraci\u00f3n, y la de cada uno de los sobres en donde env\u00eda los diferentes Tachenkos, es cuando \u00e9ste empieza a ser distribuido por el \"Correo Certificado\" que asegura la llegada de los env\u00edos a todos los suscriptores.<\/p>\n<p>El hecho de que el realizador del pasqu\u00edn sea una persona que trabaje en publicidad, hace que su mayor preocupaci\u00f3n sea el p\u00fablico, que a la vez son sus amigos. Esto le permite pensar en la forma como contar\u00e1 sus historias y en las estrategias visuales que utilizar\u00e1 para cada una de sus ediciones, con el fin de que gusten y produzcan el humor que quiere generar.<\/p>\n<p>El grupo en el que circula <strong>El Tachenko<\/strong> es homog\u00e9neo si se compara con el de un peri\u00f3dico de circulaci\u00f3n masiva, que se ve obligado a pensar en p\u00fablicos diversos y por lo tanto a fragmentar su informaci\u00f3n. En el caso del pasqu\u00edn, los destinatarios, como amigos que son, debieron haber encontrado cosas en com\u00fan que les permitiera permanecer unidos. Por esta raz\u00f3n, la similitud en cuanto a gustos, clase social a la que pertenecen, educaci\u00f3n recibida y en general, todo lo que implica la cultura en la que se han desenvuelto hace que el \"Espori\u00f3dico\" maneje un lenguaje entendible para todos y que genere condiciones similares de recepci\u00f3n. \u2014MIO\/MAC\/VEV<\/p>\n<p>[su_divider style=\"dotted\" size=\"2\"]<\/p>\n<p style=\"text-align: center;\"><span style=\"font-size: 12pt; color: #808080;\">ANALISIS DEL ESPORIODICO EL TACHENKO<\/span><br \/>\n <span style=\"font-size: 10pt; color: #999999;\">Por: Victoria Eugenia Valencia, Maria Isabel Ospina, Mario Alfonso C\u00e1rdenas<\/span><br \/>\n <span style=\"font-size: 10pt; color: #999999;\"> Julio 10, 1996 \u00ae Todos los Derechos Reservados<\/span><\/p>\n<p class=\"JAS_Credits_TesisET\" style=\"text-align: center;\">UNIVERSIDAD DEL VALLE<br \/>\n HISTORIA DE LA COMUNICACI\u00d3N<br \/>\n TRABAJO FINAL: ANALISIS DEL ESPORIODICO <strong>El Tachenko<\/strong><br \/>\n PRESENTADO A: GRISELA GOMES<br \/>\n POR:<br \/>\n MARIO ALFONSO CARDENAS, CODIGO: 9411573<br \/>\n MARIA ISABEL OSPINA, CODIGO: 9420998<br \/>\n VICTORIA EUGENCIA VALENCIA, CODIGO: 9417564<br \/>\n PLAN COMUNICACION SOCIAL (3548)<br \/>\n JULIO 10 DE 1996<\/p>\n<\/div><\/div>","protected":false},"excerpt":{"rendered":"<p>Circulaci\u00f3n\u00a0\u00a0\u00a0\u00a0\u00a0\u00a0 Por: M.I. Ospina, M.A. C\u00e1rdenas, V.E. Valencia El Espori\u00f3dico El Tachenko circula dentro de un grupo de 25 amigos, lo cual hace que sea muy limitado. Por su car\u00e1cter de \"Espori\u00f3dico\" no existe una fecha exacta que indique el d\u00eda en que \u00e9ste circular\u00e1. S\u00f3lo en el momento en que su realizador cuenta con [&hellip;]<\/p>\n","protected":false},"author":1,"featured_media":0,"parent":691,"menu_order":0,"comment_status":"closed","ping_status":"closed","template":"templates\/full-page.php","meta":{"footnotes":""},"class_list":["post-829","page","type-page","status-publish","hentry"],"_links":{"self":[{"href":"https:\/\/tachenko.com\/etachenko\/wp-json\/wp\/v2\/pages\/829","targetHints":{"allow":["GET"]}}],"collection":[{"href":"https:\/\/tachenko.com\/etachenko\/wp-json\/wp\/v2\/pages"}],"about":[{"href":"https:\/\/tachenko.com\/etachenko\/wp-json\/wp\/v2\/types\/page"}],"author":[{"embeddable":true,"href":"https:\/\/tachenko.com\/etachenko\/wp-json\/wp\/v2\/users\/1"}],"replies":[{"embeddable":true,"href":"https:\/\/tachenko.com\/etachenko\/wp-json\/wp\/v2\/comments?post=829"}],"version-history":[{"count":10,"href":"https:\/\/tachenko.com\/etachenko\/wp-json\/wp\/v2\/pages\/829\/revisions"}],"predecessor-version":[{"id":1548,"href":"https:\/\/tachenko.com\/etachenko\/wp-json\/wp\/v2\/pages\/829\/revisions\/1548"}],"up":[{"embeddable":true,"href":"https:\/\/tachenko.com\/etachenko\/wp-json\/wp\/v2\/pages\/691"}],"wp:attachment":[{"href":"https:\/\/tachenko.com\/etachenko\/wp-json\/wp\/v2\/media?parent=829"}],"curies":[{"name":"wp","href":"https:\/\/api.w.org\/{rel}","templated":true}]}}