{"id":827,"date":"2017-03-11T03:14:39","date_gmt":"2017-03-11T08:14:39","guid":{"rendered":"https:\/\/tachenko.com\/etachenko\/?page_id=827"},"modified":"2017-03-15T04:28:59","modified_gmt":"2017-03-15T09:28:59","slug":"produccion","status":"publish","type":"page","link":"https:\/\/tachenko.com\/etachenko\/estudio-en-profundidad\/produccion\/","title":{"rendered":"Producci\u00f3n"},"content":{"rendered":"<div id=\"dslc-theme-content\"><div id=\"dslc-theme-content-inner\"><p><span style=\"font-family: impact,sans-serif;\"><strong><span style=\"font-size: 36pt;\"><span style=\"background-color: #000000; color: #ffffff;\">Pr<\/span>oducc<\/span><\/strong><\/span><em><span style=\"font-family: times new roman,times,serif; font-size: 36pt;\">i<\/span><\/em><strong><span style=\"font-family: impact,sans-serif; font-size: 36pt;\"><span style=\"background-color: #000000; color: #ffffff;\">\u00f3n\u00a0\u00a0\u00a0\u00a0\u00a0\u00a0 <br \/>\n <\/span><\/span><\/strong><\/p>\n<p class=\"JAS_Insertos_Tipo_Reuter\">Por: M.I. Ospina, M.A. C\u00e1rdenas, V.E. Valencia<\/p>\n<p><em>\"La funci\u00f3n del reportero no es crear noticias. Es buscar y organizar en forma escrita los hechos dignos de menci\u00f3n. El reportero es el intermediario en el quehacer de la difusi\u00f3n de noticias. El debe dar a los hechos forma de noticia significativa\".<\/em> <sup><span style=\"color: #cc0000;\"><strong>14<\/strong><\/span><\/sup><\/p>\n<p>La producci\u00f3n de <strong>El Tachenko<\/strong> es una responsabilidad que recae sobre los hombros de Juan Andr\u00e9s Sinisterra. Todo el proceso de elaboraci\u00f3n que nos disponemos a describir es realizado por \u00e9l.<\/p>\n<p>En el Espori\u00f3dico <strong>El Tachenko<\/strong> la recopilaci\u00f3n de la informaci\u00f3n es relativamente involuntaria; se obtiene de charlas con los amigos, por chismes contados v\u00eda telef\u00f3nica y \u00faltimamente a trav\u00e9s de cartas enviadas por algunos corresponsales (allegados a Juan Andr\u00e9s que colaboran con este pasqu\u00edn).<\/p>\n<p>Una vez llegado el momento de su elaboraci\u00f3n, el director procede a recordar la informaci\u00f3n que ha obtenido, y a continuaci\u00f3n efect\u00faa una clasificaci\u00f3n en la cual se escogen los hechos que podr\u00edan dar origen a informes graciosos. Una vez seleccionados los temas a los cuales se va a hacer referencia, comienza la fase de redacci\u00f3n; \u00e9ste es el segundo paso de la elaboraci\u00f3n del impreso en cuesti\u00f3n. Juan Andr\u00e9s toma papel y l\u00e1piz y redacta cada art\u00edculo inyect\u00e1ndole altas dosis de humor y exageraci\u00f3n (base fundamental de <strong>El Tachenko<\/strong>); adem\u00e1s para hacerlo m\u00e1s gracioso utiliza palabrejas t\u00edpicas o frases de las noticias serias. Al estar redactados en su totalidad los informes que ir\u00e1n en la edici\u00f3n, se someten a una primera correcci\u00f3n de ortograf\u00eda y redacci\u00f3n para luego transcribir los textos en el computador. Al mismo tiempo que se hace la transcripci\u00f3n, se va diagramando y ubicando cada uno de ellos en las respectivas p\u00e1ginas que conformar\u00e1n el producto final; a su vez se separan los espacios que ocupar\u00e1n las fotos o dibujos (si los hay) y la publicidad que es imprescindible, pues aporta gran parte del humor que est\u00e1 impregnado en el pasqu\u00edn.<\/p>\n<p>Los entretenedores (Crucichenkos, chistes...) como los llama Juan Andr\u00e9s, son lo que \u00e9l denomina \"relleno\"; estos se ubican en los espacios que quedan en blanco despu\u00e9s de la distribuci\u00f3n y diagramaci\u00f3n final de las p\u00e1ginas.<\/p>\n<p>Ya \"armado\", es impreso en papel y sometido a una segunda y exhaustiva correcci\u00f3n de ortograf\u00eda y redacci\u00f3n. Terminado dicho proceso se realiza la impresi\u00f3n definitiva.<\/p>\n<p>Se sacan 25 o m\u00e1s ejemplares con sus respectivos sobres y son entregados al \"Correo Certificado\" que es el encargado de llevar el \"Espori\u00f3dico\" hasta la puerta de cada suscriptor.<\/p>\n<p>Las primeras seis ediciones de <strong>El Tachenko<\/strong> fueron gratuitas; sin embargo su realizador empez\u00f3 a cobrar porque no era justo que solamente \u00e9l cubriera los costos de producci\u00f3n de su propio peculio. Es m\u00e1s, sus amigos siempre estuvieron de acuerdo en colaborarle; as\u00ed pues aparecieron las suscripciones al ya nombrado pasqu\u00edn.<\/p>\n<p>El costo aproximado de cada ejemplar es de $800 sin incluir el correo, que en un principio era por Avianca y su valor oscilaba entre $150 y $200, y luego se cambi\u00f3 por un correo certificado que era un poco m\u00e1s costoso pero ofrec\u00eda mayores garant\u00edas de entrega.<\/p>\n<p>Actualmente existe una promoci\u00f3n que incluye seis Tachenkos por $6.000 y $11.000 para los suscriptores del exterior. En el momento en que se vencen las suscripciones se env\u00eda una carta de cobro para renovarlas.<\/p>\n<p>Al hacer las entrevistas preguntamos que si el hecho de pagar les daba derecho para hacer cr\u00edticas o exigencias sobre la tem\u00e1tica, la calidad, la periodicidad o los personajes incluidos en ellas, a lo cual los entrevistados respondieron negativamente, porque ellos lo hac\u00edan para colaborarle \"al Pollo\". Sin embargo pensamos que el hecho de pagar la suscripci\u00f3n s\u00ed les permite exigir el cumplimiento de dicha producci\u00f3n, lo que implica que su realizador tenga que sentarse obligatoriamente a producir dichos \"Espori\u00f3dicos\".<\/p>\n<p>Como vemos, la producci\u00f3n de <strong>El Tachenko<\/strong> es una labor totalmente solitaria y que requiere de muchas horas de arduo trabajo. No obstante, Juan Andr\u00e9s, se entrega a ella por el placer que le produce regalarles un poco de sano esparcimiento a sus lectores, que a la vez son sus mejores amigos. \u2014MIO\/MAC\/VEV<\/p>\n<p><span style=\"color: #999999;\">_________________________________________<\/span><sup><span style=\"color: #cc0000;\"><strong><br \/>\n 14<\/strong><\/span><\/sup> <span style=\"color: #31849b; font-size: 10pt;\">DARY, Op. Cit. P\u00e1g. 43.<\/span><\/p>\n<p>[su_divider style=\"dotted\" size=\"2\"]<\/p>\n<p style=\"text-align: center;\"><span style=\"font-size: 12pt; color: #808080;\">ANALISIS DEL ESPORIODICO EL TACHENKO<\/span><br \/>\n <span style=\"font-size: 10pt; color: #999999;\">Por: Victoria Eugenia Valencia, Maria Isabel Ospina, Mario Alfonso C\u00e1rdenas<\/span><br \/>\n <span style=\"font-size: 10pt; color: #999999;\"> Julio 10, 1996 \u00ae Todos los Derechos Reservados<\/span><\/p>\n<p class=\"JAS_Credits_TesisET\" style=\"text-align: center;\">UNIVERSIDAD DEL VALLE<br \/>\n HISTORIA DE LA COMUNICACI\u00d3N<br \/>\n TRABAJO FINAL: ANALISIS DEL ESPORIODICO <strong>El Tachenko<\/strong><br \/>\n PRESENTADO A: GRISELA GOMES<br \/>\n POR:<br \/>\n MARIO ALFONSO CARDENAS, CODIGO: 9411573<br \/>\n MARIA ISABEL OSPINA, CODIGO: 9420998<br \/>\n VICTORIA EUGENCIA VALENCIA, CODIGO: 9417564<br \/>\n PLAN COMUNICACION SOCIAL (3548)<br \/>\n JULIO 10 DE 1996<\/p>\n<\/div><\/div>","protected":false},"excerpt":{"rendered":"<p>Producci\u00f3n\u00a0\u00a0\u00a0\u00a0\u00a0\u00a0 Por: M.I. Ospina, M.A. C\u00e1rdenas, V.E. Valencia \"La funci\u00f3n del reportero no es crear noticias. Es buscar y organizar en forma escrita los hechos dignos de menci\u00f3n. El reportero es el intermediario en el quehacer de la difusi\u00f3n de noticias. El debe dar a los hechos forma de noticia significativa\". 14 La producci\u00f3n de [&hellip;]<\/p>\n","protected":false},"author":1,"featured_media":0,"parent":691,"menu_order":0,"comment_status":"closed","ping_status":"closed","template":"templates\/full-page.php","meta":{"footnotes":""},"class_list":["post-827","page","type-page","status-publish","hentry"],"_links":{"self":[{"href":"https:\/\/tachenko.com\/etachenko\/wp-json\/wp\/v2\/pages\/827","targetHints":{"allow":["GET"]}}],"collection":[{"href":"https:\/\/tachenko.com\/etachenko\/wp-json\/wp\/v2\/pages"}],"about":[{"href":"https:\/\/tachenko.com\/etachenko\/wp-json\/wp\/v2\/types\/page"}],"author":[{"embeddable":true,"href":"https:\/\/tachenko.com\/etachenko\/wp-json\/wp\/v2\/users\/1"}],"replies":[{"embeddable":true,"href":"https:\/\/tachenko.com\/etachenko\/wp-json\/wp\/v2\/comments?post=827"}],"version-history":[{"count":10,"href":"https:\/\/tachenko.com\/etachenko\/wp-json\/wp\/v2\/pages\/827\/revisions"}],"predecessor-version":[{"id":1546,"href":"https:\/\/tachenko.com\/etachenko\/wp-json\/wp\/v2\/pages\/827\/revisions\/1546"}],"up":[{"embeddable":true,"href":"https:\/\/tachenko.com\/etachenko\/wp-json\/wp\/v2\/pages\/691"}],"wp:attachment":[{"href":"https:\/\/tachenko.com\/etachenko\/wp-json\/wp\/v2\/media?parent=827"}],"curies":[{"name":"wp","href":"https:\/\/api.w.org\/{rel}","templated":true}]}}