{"id":814,"date":"2017-03-11T02:57:10","date_gmt":"2017-03-11T07:57:10","guid":{"rendered":"https:\/\/tachenko.com\/etachenko\/?page_id=814"},"modified":"2017-03-15T03:32:52","modified_gmt":"2017-03-15T08:32:52","slug":"las-normas","status":"publish","type":"page","link":"https:\/\/tachenko.com\/etachenko\/estudio-en-profundidad\/las-normas\/","title":{"rendered":"Las Normas"},"content":{"rendered":"<div id=\"dslc-theme-content\"><div id=\"dslc-theme-content-inner\"><p><span style=\"font-family: impact,sans-serif;\"><strong><span style=\"font-size: 36pt;\"><span style=\"background-color: #000000; color: #ffffff;\">La<\/span>s Nor<\/span><\/strong><\/span><em><span style=\"font-family: times new roman,times,serif; font-size: 36pt;\">r<\/span><\/em><strong><span style=\"font-family: impact,sans-serif; font-size: 36pt;\"><span style=\"background-color: #000000; color: #ffffff;\">mas\u00a0\u00a0\u00a0\u00a0\u00a0\u00a0 <br \/>\n <\/span><\/span><\/strong><\/p>\n<p class=\"JAS_Insertos_Tipo_Reuter\">Por: M.I. Ospina, M.A. C\u00e1rdenas, V.E. Valencia<\/p>\n<p>Desde un principio se ha establecido que El Espori\u00f3dico <strong>El Tachenko<\/strong> tiene como \u00fanico objetivo divertir a sus lectores al ridiculizarlos y sacarle chiste a los acontecimientos que ocurren en sus propias vidas.<\/p>\n<p>El gestor y autor de este fen\u00f3meno comunicativo es la m\u00e1xima autoridad, por no decir la \u00fanica, en lo que se refiere al proceso de elaboraci\u00f3n; esto hace que todas las posibles normas sean establecidas por \u00e9l, quien las asume sin rigor y con mucha flexibilidad.<\/p>\n<p>Este medio informativo carece de unos c\u00f3digos o estatutos establecidos a los cuales debe someterse y toda norma depende de las decisiones tomadas por Juan Andr\u00e9s Sinisterra; aunque s\u00ed presenta unos patrones que podr\u00edan ser tomados como las reglas que determinan su forma y su contenido.<\/p>\n<p>En primera instancia, se tiene que su principal insignia es la de ser divertido, exagerado y sat\u00edrico; por ende, en su realizaci\u00f3n se hace indispensable maquillar la realidad con humor.<\/p>\n<p>De otra parte, es claro que desde su nacimiento <strong>El Tachenko<\/strong> ha manifestado su car\u00e1cter desinteresado, no pretende comercializarse ni hacer de su publicaci\u00f3n algo lucrativo; de lo contrario eso traicionar\u00eda su objetivo primordial.<\/p>\n<p>El eje central de la informaci\u00f3n siempre gira en tomo a los sucesos que ocurren dentro del c\u00edrculo de amigos del director. Este, desde el momento en que vio la gran difusi\u00f3n que adquir\u00eda su pasqu\u00edn, decidi\u00f3 cuidar y mejorar la calidad del mismo; ante todo ha procurado consignar informaci\u00f3n variada y amena, adem\u00e1s de suavizar las palabras vulgares y groseras propias de esta publicaci\u00f3n en sus inicios. De igual manera, intenta manejar la \"noticia\" de forma tal que no hiera la susceptibilidad de sus amigos y no llegue a violar la privacidad de los mismos. En caso de tener alguna duda al respecto, consulta con los directamente implicados para pedir su aprobaci\u00f3n.<\/p>\n<p>Por \u00faltimo, una de las reglas m\u00e1s importantes que Juan Andr\u00e9s mantiene dentro de la concepci\u00f3n de <strong>El Tachenko<\/strong>, es la de elaborarlo por placer y no por obligaci\u00f3n, ya que si \u00e9ste fuera un compromiso correr\u00eda el riesgo de perder su frescura y espontaneidad; elaborarlo dejar\u00eda de ser una diversi\u00f3n. \u2014MIO\/MAC\/VEV<\/p>\n<p>[su_divider style=\"dotted\" size=\"2\"]<\/p>\n<p style=\"text-align: center;\"><span style=\"font-size: 12pt; color: #808080;\">ANALISIS DEL ESPORIODICO EL TACHENKO<\/span><br \/>\n <span style=\"font-size: 10pt; color: #999999;\">Por: Victoria Eugenia Valencia, Maria Isabel Ospina, Mario Alfonso C\u00e1rdenas<\/span><br \/>\n <span style=\"font-size: 10pt; color: #999999;\"> Julio 10, 1996 \u00ae Todos los Derechos Reservados<\/span><\/p>\n<p class=\"JAS_Credits_TesisET\" style=\"text-align: center;\">UNIVERSIDAD DEL VALLE<br \/>\n HISTORIA DE LA COMUNICACI\u00d3N<br \/>\n TRABAJO FINAL: ANALISIS DEL ESPORIODICO <strong>El Tachenko<\/strong><br \/>\n PRESENTADO A: GRISELA GOMES<br \/>\n POR:<br \/>\n MARIO ALFONSO CARDENAS, CODIGO: 9411573<br \/>\n MARIA ISABEL OSPINA, CODIGO: 9420998<br \/>\n VICTORIA EUGENCIA VALENCIA, CODIGO: 9417564<br \/>\n PLAN COMUNICACION SOCIAL (3548)<br \/>\n JULIO 10 DE 1996<\/p>\n<\/div><\/div>","protected":false},"excerpt":{"rendered":"<p>Las Norrmas\u00a0\u00a0\u00a0\u00a0\u00a0\u00a0 Por: M.I. Ospina, M.A. C\u00e1rdenas, V.E. Valencia Desde un principio se ha establecido que El Espori\u00f3dico El Tachenko tiene como \u00fanico objetivo divertir a sus lectores al ridiculizarlos y sacarle chiste a los acontecimientos que ocurren en sus propias vidas. El gestor y autor de este fen\u00f3meno comunicativo es la m\u00e1xima autoridad, por [&hellip;]<\/p>\n","protected":false},"author":1,"featured_media":0,"parent":691,"menu_order":0,"comment_status":"closed","ping_status":"closed","template":"templates\/full-page.php","meta":{"footnotes":""},"class_list":["post-814","page","type-page","status-publish","hentry"],"_links":{"self":[{"href":"https:\/\/tachenko.com\/etachenko\/wp-json\/wp\/v2\/pages\/814","targetHints":{"allow":["GET"]}}],"collection":[{"href":"https:\/\/tachenko.com\/etachenko\/wp-json\/wp\/v2\/pages"}],"about":[{"href":"https:\/\/tachenko.com\/etachenko\/wp-json\/wp\/v2\/types\/page"}],"author":[{"embeddable":true,"href":"https:\/\/tachenko.com\/etachenko\/wp-json\/wp\/v2\/users\/1"}],"replies":[{"embeddable":true,"href":"https:\/\/tachenko.com\/etachenko\/wp-json\/wp\/v2\/comments?post=814"}],"version-history":[{"count":11,"href":"https:\/\/tachenko.com\/etachenko\/wp-json\/wp\/v2\/pages\/814\/revisions"}],"predecessor-version":[{"id":1531,"href":"https:\/\/tachenko.com\/etachenko\/wp-json\/wp\/v2\/pages\/814\/revisions\/1531"}],"up":[{"embeddable":true,"href":"https:\/\/tachenko.com\/etachenko\/wp-json\/wp\/v2\/pages\/691"}],"wp:attachment":[{"href":"https:\/\/tachenko.com\/etachenko\/wp-json\/wp\/v2\/media?parent=814"}],"curies":[{"name":"wp","href":"https:\/\/api.w.org\/{rel}","templated":true}]}}