{"id":808,"date":"2017-03-11T02:56:00","date_gmt":"2017-03-11T07:56:00","guid":{"rendered":"https:\/\/tachenko.com\/etachenko\/?page_id=808"},"modified":"2017-03-15T04:01:57","modified_gmt":"2017-03-15T09:01:57","slug":"la-historia","status":"publish","type":"page","link":"https:\/\/tachenko.com\/etachenko\/estudio-en-profundidad\/la-historia\/","title":{"rendered":"La Historia"},"content":{"rendered":"<div id=\"dslc-theme-content\"><div id=\"dslc-theme-content-inner\"><p><span style=\"font-family: impact,sans-serif;\"><strong><span style=\"font-size: 36pt;\"><span style=\"background-color: #000000; color: #ffffff;\">La<\/span> Histo<\/span><\/strong><\/span><em><span style=\"font-family: times new roman,times,serif; font-size: 36pt;\">r<\/span><\/em><strong><span style=\"font-family: impact,sans-serif; font-size: 36pt;\"><span style=\"background-color: #000000; color: #ffffff;\">ia\u00a0\u00a0\u00a0\u00a0\u00a0\u00a0 <br \/>\n <\/span><\/span><\/strong><\/p>\n<p class=\"JAS_Insertos_Tipo_Reuter\">Por: M.I. Ospina, M.A. C\u00e1rdenas, V.E. Valencia<\/p>\n<p>Aparentemente no hay nada m\u00e1s f\u00e1cil que escribir una carta a un amigo ausente; no es m\u00e1s que apropiarse de la elocuci\u00f3n que permite al g\u00e9nero epistolar tratar todo tipo de asuntos, tener algo que contar, evitar frases largas y utilizar un lenguaje sencillo.<\/p>\n<p>Comunicarse por medio de cartas fue lo que propuso Marta Anastasia Pagoulatos, m\u00e1s conocida como Tacha, a sus amigos cuando decidi\u00f3 radicarse en Bogot\u00e1 para continuar con sus estudios universitarios. Esta sugerencia puso a volar la imaginaci\u00f3n de Juan Andr\u00e9s Sinisterra, un publicista amigo suyo. El trajo a su memoria la \u00e9poca en que vivi\u00f3 en Estados Unidos y record\u00f3 lo gratificante que resultaba, en medio de la soledad, recibir noticias provenientes de Cali, su ciudad natal.<\/p>\n<p>Fue entonces cuando decidi\u00f3 mantener un contacto entre Tacha con sus amigos por medio de la escritura. Sin embargo, tem\u00eda caer en la elaboraci\u00f3n de cartas corrientes que despu\u00e9s de un tiempo llegaran a convertirse en un mon\u00f3tono medio de comunicaci\u00f3n.<\/p>\n<p>As\u00ed naci\u00f3 <strong>El Tachenko<\/strong> (nombre que hace alusi\u00f3n a Tacha Pagoulatos), un medio impreso lleno de humor y que copiando la forma de la prensa escrita, permite a Juan Andr\u00e9s comunicarse con su amiga sin recurrir a la ep\u00edstola com\u00fan.<\/p>\n<p>En un principio, el pasqu\u00edn parec\u00eda ser un peri\u00f3dico, pose\u00eda unos c\u00f3digos, un lenguaje y unas caracter\u00edsticas propias de los diarios oficiales. Despu\u00e9s de algunas publicaciones se convirti\u00f3 en un \"Espori\u00f3dico\" (singular t\u00e9rmino que naci\u00f3 de \"peri\u00f3dico espor\u00e1dico\"), pues no estaba sometido ni a una periodicidad constante ni a unas reglas definidas de producci\u00f3n.<\/p>\n<p>Inicialmente, <strong>El Tachenko<\/strong> estaba enfocado s\u00f3lo a ser el medio por el cual su realizador informar\u00eda a Anastasia acerca de los acontecimientos de sus vallecaucanos amigos. No obstante, los allegados a esta pareja se enteraron de la existencia del \"Espori\u00f3dico\" y se hicieron part\u00edcipes de \u00e9l, sin pagar un peso por este privilegio.<\/p>\n<p>El n\u00famero de lectores del pasqu\u00edn fue aumentando y hoy es de aproximadamente 25 personas. Este crecimiento arrollador hizo que el director, due\u00f1o, productor, redactor, dise\u00f1ador, creativo, en fin, el todero de <strong>El Tachenko<\/strong> realizara cambios dr\u00e1sticos dentro del impreso: ahora los temas son m\u00e1s variados, y ya no se escribe pensando en un destinatario espec\u00edfico, pues circula en medio de una peque\u00f1a comunidad, y lo m\u00e1s importante, ha entrado a formar parte del mundo lucrativo en que se desenvuelve su p\u00fablico. Esto no significa que el pasqu\u00edn haya perdido su car\u00e1cter desinteresado, sino que el director no iba a seguir corriendo con todos los gastos de producci\u00f3n y circulaci\u00f3n. Claro est\u00e1 que \u00e9l contin\u00faa trabajando sin remuneraci\u00f3n alguna. \u2014MIO\/MAC\/VEV<\/p>\n<p>[su_divider style=\"dotted\" size=\"2\"]<\/p>\n<p style=\"text-align: center;\"><span style=\"font-size: 12pt; color: #808080;\">ANALISIS DEL ESPORIODICO EL TACHENKO<\/span><br \/>\n <span style=\"font-size: 10pt; color: #999999;\">Por: Victoria Eugenia Valencia, Maria Isabel Ospina, Mario Alfonso C\u00e1rdenas<\/span><br \/>\n <span style=\"font-size: 10pt; color: #999999;\"> Julio 10, 1996 \u00ae Todos los Derechos Reservados<\/span><\/p>\n<p class=\"JAS_Credits_TesisET\" style=\"text-align: center;\">UNIVERSIDAD DEL VALLE<br \/>\n HISTORIA DE LA COMUNICACI\u00d3N<br \/>\n TRABAJO FINAL: ANALISIS DEL ESPORIODICO <strong>El Tachenko<\/strong><br \/>\n PRESENTADO A: GRISELA GOMES<br \/>\n POR:<br \/>\n MARIO ALFONSO CARDENAS, CODIGO: 9411573<br \/>\n MARIA ISABEL OSPINA, CODIGO: 9420998<br \/>\n VICTORIA EUGENCIA VALENCIA, CODIGO: 9417564<br \/>\n PLAN COMUNICACION SOCIAL (3548)<br \/>\n JULIO 10 DE 1996<\/p>\n<\/div><\/div>","protected":false},"excerpt":{"rendered":"<p>La Historia\u00a0\u00a0\u00a0\u00a0\u00a0\u00a0 Por: M.I. Ospina, M.A. C\u00e1rdenas, V.E. Valencia Aparentemente no hay nada m\u00e1s f\u00e1cil que escribir una carta a un amigo ausente; no es m\u00e1s que apropiarse de la elocuci\u00f3n que permite al g\u00e9nero epistolar tratar todo tipo de asuntos, tener algo que contar, evitar frases largas y utilizar un lenguaje sencillo. Comunicarse por [&hellip;]<\/p>\n","protected":false},"author":1,"featured_media":0,"parent":691,"menu_order":0,"comment_status":"closed","ping_status":"closed","template":"templates\/full-page.php","meta":{"footnotes":""},"class_list":["post-808","page","type-page","status-publish","hentry"],"_links":{"self":[{"href":"https:\/\/tachenko.com\/etachenko\/wp-json\/wp\/v2\/pages\/808","targetHints":{"allow":["GET"]}}],"collection":[{"href":"https:\/\/tachenko.com\/etachenko\/wp-json\/wp\/v2\/pages"}],"about":[{"href":"https:\/\/tachenko.com\/etachenko\/wp-json\/wp\/v2\/types\/page"}],"author":[{"embeddable":true,"href":"https:\/\/tachenko.com\/etachenko\/wp-json\/wp\/v2\/users\/1"}],"replies":[{"embeddable":true,"href":"https:\/\/tachenko.com\/etachenko\/wp-json\/wp\/v2\/comments?post=808"}],"version-history":[{"count":13,"href":"https:\/\/tachenko.com\/etachenko\/wp-json\/wp\/v2\/pages\/808\/revisions"}],"predecessor-version":[{"id":1537,"href":"https:\/\/tachenko.com\/etachenko\/wp-json\/wp\/v2\/pages\/808\/revisions\/1537"}],"up":[{"embeddable":true,"href":"https:\/\/tachenko.com\/etachenko\/wp-json\/wp\/v2\/pages\/691"}],"wp:attachment":[{"href":"https:\/\/tachenko.com\/etachenko\/wp-json\/wp\/v2\/media?parent=808"}],"curies":[{"name":"wp","href":"https:\/\/api.w.org\/{rel}","templated":true}]}}