{"id":804,"date":"2017-03-11T02:55:16","date_gmt":"2017-03-11T07:55:16","guid":{"rendered":"https:\/\/tachenko.com\/etachenko\/?page_id=804"},"modified":"2017-03-15T03:33:49","modified_gmt":"2017-03-15T08:33:49","slug":"introduccion","status":"publish","type":"page","link":"https:\/\/tachenko.com\/etachenko\/estudio-en-profundidad\/introduccion\/","title":{"rendered":"Introducci\u00f3n"},"content":{"rendered":"<div id=\"dslc-theme-content\"><div id=\"dslc-theme-content-inner\"><p><span style=\"font-family: impact,sans-serif;\"><strong><span style=\"font-size: 36pt;\"><span style=\"background-color: #000000; color: #ffffff;\">In<\/span>troducc<\/span><\/strong><\/span><em><span style=\"font-family: times new roman,times,serif; font-size: 36pt;\">i<\/span><\/em><strong><span style=\"font-family: impact,sans-serif; font-size: 36pt;\"><span style=\"background-color: #000000; color: #ffffff;\">\u00f3n\u00a0\u00a0\u00a0\u00a0\u00a0\u00a0 <br \/>\n <\/span><\/span><\/strong><\/p>\n<p class=\"JAS_Insertos_Tipo_Reuter\">Por: M.I. Ospina, M.A. C\u00e1rdenas, V.E. Valencia<\/p>\n<p><em>\"Noticia es cualquier relato o reportaje imparcial y digno de confianza de un acontecimiento, que contiene informaci\u00f3n oportuna y desconocida hasta ese momento; informaci\u00f3n que afecta la vida, bienestar, futuro o inter\u00e9s de los lectores, radioescuchas o telespectadores a quienes llega el relato o reportaje\".<\/em> <span style=\"color: #cc0000;\"><strong><sup>1<\/sup><\/strong><\/span><\/p>\n<p>Este concepto de noticia es el que todos hemos interiorizado porque es el real y el que normalmente utilizamos. No obstante, despu\u00e9s de leer El Espori\u00f3dico <strong>El Tachenko<\/strong> (objeto a analizar), es obvio que los escritos elaborados por Juan Andr\u00e9s Sinisterra, creador del mismo, no tienen la intenci\u00f3n de ser noticia, sino m\u00e1s bien, de manipular la informaci\u00f3n e imprimir altas dosis de exageraci\u00f3n que llegan a distorsionarla, volvi\u00e9ndola parcializada y poco confiable.<\/p>\n<p>Juan Andr\u00e9s es un publicista que por medio de su pasqu\u00edn, como \u00e9l mismo lo denomina, desea brindar a sus amigos una forma de esparcimiento, y nada mejor que ridiculizar en un escrito con forma de peri\u00f3dico, acontecimientos y an\u00e9cdotas cotidianas que ocurren al interior de su peque\u00f1o grupo social.<\/p>\n<p>Es precisamente este fen\u00f3meno el que analizaremos en el siguiente trabajo, pues nos parece interesante conocer los alcances socio-culturales que ha suscitado dentro de la comunidad en la que circula este impreso que naci\u00f3 como una divertida carta para una amiga. \u2014MIO\/MAC\/VEV<\/p>\n<p><span style=\"color: #999999;\">_________________________________________<\/span><span style=\"color: #cc0000;\"><strong><sup><br \/>\n 1<\/sup><\/strong><\/span> <span style=\"font-size: 10pt; color: #31849b;\">DARY, David. C\u00f3mo redactar noticias. P\u00e1g. 33.<\/span><\/p>\n<p>[su_divider style=\"dotted\" size=\"2\"]<\/p>\n<p style=\"text-align: center;\"><span style=\"font-size: 12pt; color: #808080;\">ANALISIS DEL ESPORIODICO EL TACHENKO<\/span><br \/>\n <span style=\"font-size: 10pt; color: #999999;\">Por: Victoria Eugenia Valencia, Maria Isabel Ospina, Mario Alfonso C\u00e1rdenas<\/span><br \/>\n <span style=\"font-size: 10pt; color: #999999;\"> Julio 10, 1996 \u00ae Todos los Derechos Reservados<\/span><\/p>\n<p class=\"JAS_Credits_TesisET\" style=\"text-align: center;\">UNIVERSIDAD DEL VALLE<br \/>\n HISTORIA DE LA COMUNICACI\u00d3N<br \/>\n TRABAJO FINAL: ANALISIS DEL ESPORIODICO <strong>El Tachenko<\/strong><br \/>\n PRESENTADO A: GRISELA GOMES<br \/>\n POR:<br \/>\n MARIO ALFONSO CARDENAS, CODIGO: 9411573<br \/>\n MARIA ISABEL OSPINA, CODIGO: 9420998<br \/>\n VICTORIA EUGENCIA VALENCIA, CODIGO: 9417564<br \/>\n PLAN COMUNICACION SOCIAL (3548)<br \/>\n JULIO 10 DE 1996<\/p>\n<\/div><\/div>","protected":false},"excerpt":{"rendered":"<p>Introducci\u00f3n\u00a0\u00a0\u00a0\u00a0\u00a0\u00a0 Por: M.I. Ospina, M.A. C\u00e1rdenas, V.E. Valencia \"Noticia es cualquier relato o reportaje imparcial y digno de confianza de un acontecimiento, que contiene informaci\u00f3n oportuna y desconocida hasta ese momento; informaci\u00f3n que afecta la vida, bienestar, futuro o inter\u00e9s de los lectores, radioescuchas o telespectadores a quienes llega el relato o reportaje\". 1 Este [&hellip;]<\/p>\n","protected":false},"author":1,"featured_media":0,"parent":691,"menu_order":0,"comment_status":"closed","ping_status":"closed","template":"templates\/full-page.php","meta":{"footnotes":""},"class_list":["post-804","page","type-page","status-publish","hentry"],"_links":{"self":[{"href":"https:\/\/tachenko.com\/etachenko\/wp-json\/wp\/v2\/pages\/804","targetHints":{"allow":["GET"]}}],"collection":[{"href":"https:\/\/tachenko.com\/etachenko\/wp-json\/wp\/v2\/pages"}],"about":[{"href":"https:\/\/tachenko.com\/etachenko\/wp-json\/wp\/v2\/types\/page"}],"author":[{"embeddable":true,"href":"https:\/\/tachenko.com\/etachenko\/wp-json\/wp\/v2\/users\/1"}],"replies":[{"embeddable":true,"href":"https:\/\/tachenko.com\/etachenko\/wp-json\/wp\/v2\/comments?post=804"}],"version-history":[{"count":31,"href":"https:\/\/tachenko.com\/etachenko\/wp-json\/wp\/v2\/pages\/804\/revisions"}],"predecessor-version":[{"id":1532,"href":"https:\/\/tachenko.com\/etachenko\/wp-json\/wp\/v2\/pages\/804\/revisions\/1532"}],"up":[{"embeddable":true,"href":"https:\/\/tachenko.com\/etachenko\/wp-json\/wp\/v2\/pages\/691"}],"wp:attachment":[{"href":"https:\/\/tachenko.com\/etachenko\/wp-json\/wp\/v2\/media?parent=804"}],"curies":[{"name":"wp","href":"https:\/\/api.w.org\/{rel}","templated":true}]}}