{"id":691,"date":"2017-03-10T05:49:42","date_gmt":"2017-03-10T10:49:42","guid":{"rendered":"https:\/\/tachenko.com\/etachenko\/?page_id=691"},"modified":"2017-03-13T02:39:27","modified_gmt":"2017-03-13T07:39:27","slug":"estudio-en-profundidad","status":"publish","type":"page","link":"https:\/\/tachenko.com\/etachenko\/estudio-en-profundidad\/","title":{"rendered":"Tesis Social sobre ET"},"content":{"rendered":"<div id=\"dslc-theme-content\"><div id=\"dslc-theme-content-inner\"><p>[su_service title=\"As\u00ed nace esta historia...\" icon=\"icon: bullhorn\"]<span style=\"color: #808080;\"><em><strong>Tomado de:<\/strong> El Tachenko, Ed. #16 de Ago 2, 1996, secci\u00f3n \"Anomal\u00edas Sociales\"<\/em><\/span>[\/su_service]<\/p>\n<h1><span style=\"color: #666699;\"><em>El Tachenko, Un Fen\u00f3meno Social<\/em><\/span><\/h1>\n<p class=\"JAS_Main_Title\">Estudio en Profundidad del Espori\u00f3dico<\/p>\n<p><span style=\"font-size: 10pt; color: #bfbfbf;\">________________________<\/span><br \/>\n <span class=\"JAS_Insertos_Tipo_Reuter\">AFP\/Reuter - Paris<\/span><\/p>\n<p><em><span style=\"color: #808080; font-size: 18pt;\">Una ardua encuesta realizada en la Universidad del Valle ha arrojado los m\u00e1s estrepitosos resultados. Esc\u00e1ndalo en los medios de la Prensa Escrita.<\/span><\/em><\/p>\n<p><em>\"Es el trabajo investigativo que m\u00e1s nos ha hecho trasnochar. Jam\u00e1s pens\u00e9 que el diario chimbo con que tanto goza mi hermano fuera tan bueno\".<\/em> Con estas palabras describi\u00f3 emocionada Vicky Valencia Restrepo, hermana menor del ex-due\u00f1o bancario Dr. Carlos Adolfo Valencia Calero, el extenso an\u00e1lisis universitario con fines sicol\u00f3gicos realizado al <strong>Esporiodico El Tachenko<\/strong>, que acaba de concluir luego de varios meses de trabajo junto con 89 compa\u00f1eros, el cual fue denominado: \"AN\u00c1LISIS DEL ESPORI\u00d3DICO EL TACHENKO\".<\/p>\n<div id=\"attachment_786\" style=\"width: 287px\" class=\"wp-caption alignleft\"><a href=\"https:\/\/tachenko.com\/etachenko\/wp-content\/uploads\/2017\/03\/vv-tesis01.jpg\" target=\"_blank\"><img loading=\"lazy\" decoding=\"async\" aria-describedby=\"caption-attachment-786\" class=\"wp-image-786 size-medium\" src=\"https:\/\/tachenko.com\/etachenko\/wp-content\/uploads\/2017\/03\/vv-tesis01-277x300.jpg\" alt=\"\" width=\"277\" height=\"300\" srcset=\"https:\/\/tachenko.com\/etachenko\/wp-content\/uploads\/2017\/03\/vv-tesis01-277x300.jpg 277w, https:\/\/tachenko.com\/etachenko\/wp-content\/uploads\/2017\/03\/vv-tesis01-138x150.jpg 138w, https:\/\/tachenko.com\/etachenko\/wp-content\/uploads\/2017\/03\/vv-tesis01.jpg 578w\" sizes=\"auto, (max-width: 277px) 100vw, 277px\" \/><\/a><p id=\"caption-attachment-786\" class=\"wp-caption-text\">Pasqu\u00edn denominado \"Esporiodico El Tachenko\", de circulaci\u00f3n local<\/p><\/div>\n<p>Pero c\u00f3mo llegaron estos \u00e1vidos estudiantes a seleccionar a <strong>El Tachenko<\/strong> de entre tan nutrida competencia como el Espori\u00f3dico estrella?. Excelente pregunta, \u00bfCOMO?; nunca se supo. Lo cierto es que dicho an\u00e1lisis ha demostrado que el Pasqu\u00edn es el tipo de lectura insana y relajante \u2013aunque inconsistente\u2013 que implora el cale\u00f1o, y adem\u00e1s que \"colabora a la congregaci\u00f3n de un corro de galafardas como son los amigos o 'panas' para el mejoramiento de un bienestar social\", seg\u00fan define el estudio.<\/p>\n<div id=\"attachment_790\" style=\"width: 310px\" class=\"wp-caption alignright\"><img loading=\"lazy\" decoding=\"async\" aria-describedby=\"caption-attachment-790\" class=\"wp-image-790 size-full\" src=\"https:\/\/tachenko.com\/etachenko\/wp-content\/uploads\/2017\/03\/vv-tesis02.jpg\" alt=\"\" width=\"300\" height=\"232\" srcset=\"https:\/\/tachenko.com\/etachenko\/wp-content\/uploads\/2017\/03\/vv-tesis02.jpg 300w, https:\/\/tachenko.com\/etachenko\/wp-content\/uploads\/2017\/03\/vv-tesis02-150x116.jpg 150w\" sizes=\"auto, (max-width: 300px) 100vw, 300px\" \/><p id=\"caption-attachment-790\" class=\"wp-caption-text\">Dra. Retcha (mano izquierda)<\/p><\/div>\n<p>Pues resulta que un d\u00eda en la Universidad, en la c\u00e1tedra de \"Anomal\u00edas Sociales\", la <strong>Dra. Retcha<\/strong> \u2013especialista en sicoan\u00e1lisis\u2013 les impuso un trabajo de an\u00e1lisis social con amenaza de 5 unos pa'l que no lo hiciera. Pasaron los d\u00edas hasta que luego de pensar y pensar y pensar y pensar, nada se les ocurr\u00eda. No hab\u00eda tema digno de analizar. Los escorbutos sociales ya hab\u00edan sido tratados y los que quedaban no daban pa' 3 p\u00e1rrafos. En definitiva, ya no exist\u00edan manifestaciones sensacionalistas, ni idolatr\u00edas, ni pensadores, ni genios en la ciudad. Entonces eligieron El Tachenko.<\/p>\n<p>Vicky, la m\u00e1s brillante del grupo, aprovech\u00f3 \"la palanca\" de su hermano para contactarse con el Director del Espori\u00f3dico, quien revent\u00f3 en hist\u00e9ricas risas llorosas al o\u00edr tan descabellado proyecto. Despu\u00e9s de varios d\u00edas se le aparecieron 36 escolapios en los Headquarters de <strong>El Tachenko<\/strong> acompa\u00f1ados de grabadoras magn\u00e9ticas, c\u00e1maras de fotos y video, luces, rastreadores, decodificadores y toda la parafernalia necesaria para registrar tan importante entrevista con que dar\u00edan inicio a las labores de investigaci\u00f3n. Luego de 9 horas de inquisidoras preguntas salieron murmullando \"este tipo tiene que estar loco, el an\u00e1lisis va a estar buen\u00edsimo y pinta pa' Oscar. \u00a1Tomen m\u00e1s fotos!\".<\/p>\n<div id=\"attachment_793\" style=\"width: 310px\" class=\"wp-caption alignleft\"><img loading=\"lazy\" decoding=\"async\" aria-describedby=\"caption-attachment-793\" class=\"size-full wp-image-793\" src=\"https:\/\/tachenko.com\/etachenko\/wp-content\/uploads\/2017\/03\/vv-tesis03.jpg\" alt=\"\" width=\"300\" height=\"200\" srcset=\"https:\/\/tachenko.com\/etachenko\/wp-content\/uploads\/2017\/03\/vv-tesis03.jpg 300w, https:\/\/tachenko.com\/etachenko\/wp-content\/uploads\/2017\/03\/vv-tesis03-150x100.jpg 150w\" sizes=\"auto, (max-width: 300px) 100vw, 300px\" \/><p id=\"caption-attachment-793\" class=\"wp-caption-text\">Instantes de la entrevista<\/p><\/div>\n<p>El desarrollo se desarroll\u00f3 con un depurado an\u00e1lisis basado en las 4.650 encuestas realizadas a la ciudadan\u00eda de la ciudad de Cali y sus alrededores y 137 sesiones fotogr\u00e1ficas con varios de los suscriptores quienes a\u00fan contin\u00faan bejucos con las alzas tarifarias subscriptivas del Espori\u00f3dico. Sapos carajo, bien barato qu\u00e9s!. Luego sent\u00e1ronse en sendos computadores a redactar toda la carreta recogida para posteriormente hacer la respectiva sustentaci\u00f3n ante el profesorado, el estudiantado y hasta el mismo Gabo quien estaba de visita en Cali.<\/p>\n<p>Ni hablar de los resultados de este estudio; fueron sencillamente atronadores!. Con decir que para el siguiente semestre los estudiantes que participaron en la inventoria han sido galardonados con envidiables becas que incluyen incluso deliciosos pancachos y refrescantes gasimbas provenientes de la cafeter\u00eda. Por otra parte cientos de personas quieren suscribirse a <strong>El Tachenko<\/strong> y una considerable oferta para reproducir el Espori\u00f3dico en Checoslovaco para ser comercializado en Tasmania est\u00e1 en proceso de estudio. Finalmente y faltando a la promesa ofrecida por la misma Vicky, los comentarios de tan universitaria interpretaci\u00f3n del Espori\u00f3dico quedar\u00e1n para una pr\u00f3xima edici\u00f3n ya que Charlisita no los trajo. \u2014AFP\/REUTER<\/p>\n<p><strong><span style=\"color: #de0000;\">____________________<\/span><br \/>\n <span style=\"font-size: 10pt; color: #666666;\">NOTA:<\/span><\/strong><span style=\"color: #666666;\"><span style=\"font-size: 10pt;\"> En el men\u00fa (arriba) encontrar\u00e1s detalles del estudio..<\/span>.<\/span><\/p>\n<\/div><\/div>","protected":false},"excerpt":{"rendered":"<p>[su_service title=\"As\u00ed nace esta historia...\" icon=\"icon: bullhorn\"]Tomado de: El Tachenko, Ed. #16 de Ago 2, 1996, secci\u00f3n \"Anomal\u00edas Sociales\"[\/su_service] El Tachenko, Un Fen\u00f3meno Social Estudio en Profundidad del Espori\u00f3dico ________________________ AFP\/Reuter - Paris Una ardua encuesta realizada en la Universidad del Valle ha arrojado los m\u00e1s estrepitosos resultados. Esc\u00e1ndalo en los medios de la Prensa [&hellip;]<\/p>\n","protected":false},"author":1,"featured_media":0,"parent":0,"menu_order":0,"comment_status":"closed","ping_status":"closed","template":"templates\/full-page.php","meta":{"footnotes":""},"class_list":["post-691","page","type-page","status-publish","hentry"],"_links":{"self":[{"href":"https:\/\/tachenko.com\/etachenko\/wp-json\/wp\/v2\/pages\/691","targetHints":{"allow":["GET"]}}],"collection":[{"href":"https:\/\/tachenko.com\/etachenko\/wp-json\/wp\/v2\/pages"}],"about":[{"href":"https:\/\/tachenko.com\/etachenko\/wp-json\/wp\/v2\/types\/page"}],"author":[{"embeddable":true,"href":"https:\/\/tachenko.com\/etachenko\/wp-json\/wp\/v2\/users\/1"}],"replies":[{"embeddable":true,"href":"https:\/\/tachenko.com\/etachenko\/wp-json\/wp\/v2\/comments?post=691"}],"version-history":[{"count":57,"href":"https:\/\/tachenko.com\/etachenko\/wp-json\/wp\/v2\/pages\/691\/revisions"}],"predecessor-version":[{"id":1345,"href":"https:\/\/tachenko.com\/etachenko\/wp-json\/wp\/v2\/pages\/691\/revisions\/1345"}],"wp:attachment":[{"href":"https:\/\/tachenko.com\/etachenko\/wp-json\/wp\/v2\/media?parent=691"}],"curies":[{"name":"wp","href":"https:\/\/api.w.org\/{rel}","templated":true}]}}