{"id":4,"date":"2017-03-05T03:33:53","date_gmt":"2017-03-05T08:33:53","guid":{"rendered":"https:\/\/tachenko.com\/etachenko\/?page_id=4"},"modified":"2020-02-20T04:13:44","modified_gmt":"2020-02-20T09:13:44","slug":"inicio","status":"publish","type":"page","link":"https:\/\/tachenko.com\/etachenko\/","title":{"rendered":"Inicio"},"content":{"rendered":"<div id=\"dslc-theme-content\"><div id=\"dslc-theme-content-inner\"><p class=\"JAS_Main_Title\">\u00bfCasi no entr\u00e1s no? <span style=\"font-size: 12pt; color: #808080;\">Eeeeh...<\/span><\/p>\n<h3>Bienvenid@ al Nuevo Website del Esporiodico<\/h3>\n<p class=\"JAS_Insertos_Tipo_Reuter\">REUTER - Par\u00eds<\/p>\n<p>Con una nueva e impresionante tecnolog\u00eda basada en el sistema de <em>Layers<\/em> (misma que es utilizada bajo estrictas medidas de seguridad en los cuarteles generales de la NOSA), se abre paso <strong>El Tachenko Electr\u00f3nico<\/strong> en medio de una re\u00f1ida competencia con su principal contendor, un conocido diario de circulaci\u00f3n local.<\/p>\n<p>Por otra parte, la mayor\u00eda de los antiguos lectores del Espori\u00f3dico se encuentran sumamente molestos porque Ok, ya no tienen que pagar m\u00e1s por la suscripci\u00f3n, pero alegan que ahora les toca comprar PC para poder leer el <strong>eTachenko<\/strong>. Adicionalmente, los que tengan Browsers o Navegadores de versi\u00f3n anterior a la 4.0 no podr\u00e1n ver estas p\u00e1ginas debido a la alta tecnolog\u00eda antes mencionada.<\/p>\n<p>El Director alega, y con raz\u00f3n, que hay que estar a la vanguardia en asuntos computacionales porque sino <em>\"Nos lleva el mism\u00edsimo chiras\",<\/em> seg\u00fan sus declaraciones antier en rueda de prensa celebrada en Breslau,\u00a0Polonia cuando dijo ante c\u00e1maras <em>\"es que hay que estar a la vanguardia en asuntos computacionales porque sino nos lleva el mism\u00edsimo chiras\".<\/em><\/p>\n<p>SEAN TOD@S BIENVENID@S!!! \u2014ET<\/p>\n<\/div><\/div>","protected":false},"excerpt":{"rendered":"<p>\u00bfCasi no entr\u00e1s no? Eeeeh... Bienvenid@ al Nuevo Website del Esporiodico REUTER - Par\u00eds Con una nueva e impresionante tecnolog\u00eda basada en el sistema de Layers (misma que es utilizada bajo estrictas medidas de seguridad en los cuarteles generales de la NOSA), se abre paso El Tachenko Electr\u00f3nico en medio de una re\u00f1ida competencia con [&hellip;]<\/p>\n","protected":false},"author":1,"featured_media":0,"parent":0,"menu_order":0,"comment_status":"closed","ping_status":"closed","template":"templates\/full-page.php","meta":{"footnotes":""},"class_list":["post-4","page","type-page","status-publish","hentry"],"_links":{"self":[{"href":"https:\/\/tachenko.com\/etachenko\/wp-json\/wp\/v2\/pages\/4","targetHints":{"allow":["GET"]}}],"collection":[{"href":"https:\/\/tachenko.com\/etachenko\/wp-json\/wp\/v2\/pages"}],"about":[{"href":"https:\/\/tachenko.com\/etachenko\/wp-json\/wp\/v2\/types\/page"}],"author":[{"embeddable":true,"href":"https:\/\/tachenko.com\/etachenko\/wp-json\/wp\/v2\/users\/1"}],"replies":[{"embeddable":true,"href":"https:\/\/tachenko.com\/etachenko\/wp-json\/wp\/v2\/comments?post=4"}],"version-history":[{"count":42,"href":"https:\/\/tachenko.com\/etachenko\/wp-json\/wp\/v2\/pages\/4\/revisions"}],"predecessor-version":[{"id":1710,"href":"https:\/\/tachenko.com\/etachenko\/wp-json\/wp\/v2\/pages\/4\/revisions\/1710"}],"wp:attachment":[{"href":"https:\/\/tachenko.com\/etachenko\/wp-json\/wp\/v2\/media?parent=4"}],"curies":[{"name":"wp","href":"https:\/\/api.w.org\/{rel}","templated":true}]}}