{"id":1713,"date":"2020-05-10T15:25:29","date_gmt":"2020-05-10T20:25:29","guid":{"rendered":"https:\/\/tachenko.com\/etachenko\/?page_id=1713"},"modified":"2020-05-11T15:16:23","modified_gmt":"2020-05-11T20:16:23","slug":"un-amor-verdadero","status":"publish","type":"page","link":"https:\/\/tachenko.com\/etachenko\/un-amor-verdadero\/","title":{"rendered":"Un Amor Verdadero"},"content":{"rendered":"<div id=\"dslc-theme-content\"><div id=\"dslc-theme-content-inner\">\n<h1>Un Amor Verdadero<\/h1>\n\n\n\n<pre><strong><span style=\"color: #808080;\">Por: Martha Navia<\/span><\/strong><br><strong><span style=\"color: #808080;\">Mayo 9, 2020 - 6:15 pm<\/span><\/strong><br><strong><span style=\"color: #808080;\">Lakeland, FL, USA<\/span><\/strong><br><br><strong><span style=\"color: #808080;\">Despu\u00e9s de 23 a\u00f1os, empec\u00e9 a escribir de nuevo...<\/span><\/strong><\/pre>\n\n\n\n<p>Hoy haces cantar a mi coraz\u00f3n.<br>En tu mirada veo el reflejo<br>de un nuevo amanecer.<br>De tus labios sale la esperanza<br>de un nuevo amor;<br>Un amor jam\u00e1s sentido;<br>Un amor jam\u00e1s vivido.<br>Un amor que da testimonio<br>del esp\u00edritu de Dios<br>que vive en nosotros.<br>Donde las palabras y el viento<br>no se encuentran jam\u00e1s<br>y se quedan grabadas<br>para ser realidad.<br>Donde tus pensamientos<br>y mis sentimientos son uno.<br>Donde tu risa y mi risa<br>se vuelven un concierto<br>que no acabar\u00e1\u2026<br>y tus sue\u00f1os y mis sue\u00f1os<br>se dan rienda suelta sin final.<br>Donde el atardecer<br>no sea el fin de un d\u00eda,<br>sino el comienzo de una ilusi\u00f3n<br>que se cristaliza en la eternidad.<\/p>\n<\/div><\/div>","protected":false},"excerpt":{"rendered":"<p>Un Amor Verdadero Por: Martha NaviaMayo 9, 2020 - 6:15 pmLakeland, FL, USADespu\u00e9s de 23 a\u00f1os, empec\u00e9 a escribir de nuevo... Hoy haces cantar a mi coraz\u00f3n.En tu mirada veo el reflejode un nuevo amanecer.De tus labios sale la esperanzade un nuevo amor;Un amor jam\u00e1s sentido;Un amor jam\u00e1s vivido.Un amor que da testimoniodel esp\u00edritu de [&hellip;]<\/p>\n","protected":false},"author":1,"featured_media":0,"parent":0,"menu_order":0,"comment_status":"closed","ping_status":"closed","template":"","meta":{"footnotes":""},"class_list":["post-1713","page","type-page","status-publish","hentry"],"_links":{"self":[{"href":"https:\/\/tachenko.com\/etachenko\/wp-json\/wp\/v2\/pages\/1713","targetHints":{"allow":["GET"]}}],"collection":[{"href":"https:\/\/tachenko.com\/etachenko\/wp-json\/wp\/v2\/pages"}],"about":[{"href":"https:\/\/tachenko.com\/etachenko\/wp-json\/wp\/v2\/types\/page"}],"author":[{"embeddable":true,"href":"https:\/\/tachenko.com\/etachenko\/wp-json\/wp\/v2\/users\/1"}],"replies":[{"embeddable":true,"href":"https:\/\/tachenko.com\/etachenko\/wp-json\/wp\/v2\/comments?post=1713"}],"version-history":[{"count":3,"href":"https:\/\/tachenko.com\/etachenko\/wp-json\/wp\/v2\/pages\/1713\/revisions"}],"predecessor-version":[{"id":1719,"href":"https:\/\/tachenko.com\/etachenko\/wp-json\/wp\/v2\/pages\/1713\/revisions\/1719"}],"wp:attachment":[{"href":"https:\/\/tachenko.com\/etachenko\/wp-json\/wp\/v2\/media?parent=1713"}],"curies":[{"name":"wp","href":"https:\/\/api.w.org\/{rel}","templated":true}]}}