{"id":1685,"date":"2020-01-18T14:22:05","date_gmt":"2020-01-18T19:22:05","guid":{"rendered":"https:\/\/tachenko.com\/etachenko\/?page_id=1685"},"modified":"2020-01-18T15:50:43","modified_gmt":"2020-01-18T20:50:43","slug":"viaja-tobon","status":"publish","type":"page","link":"https:\/\/tachenko.com\/etachenko\/viaja-tobon\/","title":{"rendered":"Viaja Tob\u00f3n"},"content":{"rendered":"<div id=\"dslc-theme-content\"><div id=\"dslc-theme-content-inner\">\n<figure class=\"wp-block-image size-full\"><img loading=\"lazy\" decoding=\"async\" width=\"756\" height=\"250\" src=\"https:\/\/tachenko.com\/etachenko\/wp-content\/uploads\/2020\/01\/pizzeria.jpg\" alt=\"\" class=\"wp-image-1686\" srcset=\"https:\/\/tachenko.com\/etachenko\/wp-content\/uploads\/2020\/01\/pizzeria.jpg 756w, https:\/\/tachenko.com\/etachenko\/wp-content\/uploads\/2020\/01\/pizzeria-300x99.jpg 300w, https:\/\/tachenko.com\/etachenko\/wp-content\/uploads\/2020\/01\/pizzeria-150x50.jpg 150w\" sizes=\"auto, (max-width: 756px) 100vw, 756px\" \/><\/figure>\n\n\n\n<p><em><strong>Hubo tanto l\u00e1grimas como risas<\/strong><\/em><\/p>\n\n\n\n<h1><span style=\"color: #ff0000;\">DIVAS EN LAS DIVAS<\/span><\/h1>\n\n\n\n<p><span style=\"color: #808080;\">Por: Direcci\u00f3n El Tachenko<\/span><\/p>\n\n\n\n<p><strong>Santiago de Cali, Enero 17 de 2020<\/strong><\/p>\n<p>Con motivo del viaje estudiantil que realizar\u00e1 en los pr\u00f3ximos d\u00edas Misi\u00e1 AMCCPSTSZ (m\u00e1s conocida como Ana Mar\u00eda de la Concepci\u00f3n del Carmen y Perpetuo Socorro Tob\u00f3n S\u00e1nchez de Zuluaga), sus amigos se reunieron para hacer la despedida en la prestigiosa Divas Bellas y Frescas, una pizzer\u00eda de \u00e9lite al oeste de Cali, visitada exclusivamente por ricos y famosos.<\/p>\n<div id=\"attachment_1696\" style=\"width: 310px\" class=\"wp-caption alignleft\"><a href=\"https:\/\/tachenko.com\/etachenko\/wp-content\/uploads\/2020\/01\/gente-01.jpg\" target=\"_blank\" rel=\"noopener noreferrer\"><img loading=\"lazy\" decoding=\"async\" aria-describedby=\"caption-attachment-1696\" class=\"wp-image-1696 size-medium\" src=\"https:\/\/tachenko.com\/etachenko\/wp-content\/uploads\/2020\/01\/gente-01-300x150.jpg\" alt=\"\" width=\"300\" height=\"150\" srcset=\"https:\/\/tachenko.com\/etachenko\/wp-content\/uploads\/2020\/01\/gente-01-300x150.jpg 300w, https:\/\/tachenko.com\/etachenko\/wp-content\/uploads\/2020\/01\/gente-01-150x75.jpg 150w, https:\/\/tachenko.com\/etachenko\/wp-content\/uploads\/2020\/01\/gente-01.jpg 660w\" sizes=\"auto, (max-width: 300px) 100vw, 300px\" \/><\/a><p id=\"caption-attachment-1696\" class=\"wp-caption-text\">Integrantes de la cena<\/p><\/div>\n<p>La cena se desenvolvi\u00f3 en agradable coloquio, comentarios y opiniones de vieja data que a\u00fan perduran. Lastimosamente no estuvieron presentes los mismos chistes de siempre (y con arandelas) pues el Pr\u00edncipe Palacios no pudo asistir por atender otros compromisos. Se le llam\u00f3 para rogar por su asistencia y un mensaje de voz contestaba: \"llame despu\u00e9s que estoy dando del cuerpo\".<\/p>\n<div id=\"attachment_1699\" style=\"width: 310px\" class=\"wp-caption alignright\"><a href=\"https:\/\/tachenko.com\/etachenko\/wp-content\/uploads\/2020\/01\/gente-02.jpg\" target=\"_blank\" rel=\"noopener noreferrer\"><img loading=\"lazy\" decoding=\"async\" aria-describedby=\"caption-attachment-1699\" class=\"wp-image-1699 size-medium\" src=\"https:\/\/tachenko.com\/etachenko\/wp-content\/uploads\/2020\/01\/gente-02-300x194.jpg\" alt=\"\" width=\"300\" height=\"194\" srcset=\"https:\/\/tachenko.com\/etachenko\/wp-content\/uploads\/2020\/01\/gente-02-300x194.jpg 300w, https:\/\/tachenko.com\/etachenko\/wp-content\/uploads\/2020\/01\/gente-02-150x97.jpg 150w, https:\/\/tachenko.com\/etachenko\/wp-content\/uploads\/2020\/01\/gente-02-768x497.jpg 768w, https:\/\/tachenko.com\/etachenko\/wp-content\/uploads\/2020\/01\/gente-02.jpg 900w\" sizes=\"auto, (max-width: 300px) 100vw, 300px\" \/><\/a><p id=\"caption-attachment-1699\" class=\"wp-caption-text\">Centenares de amigos se integraron al festejo<\/p><\/div>\n<p>Centenares de amistades se aunaron posteriormente a la reuni\u00f3n durante el transcurso de la cena, sumando una impresionante suma que sum\u00f3 130 personas, que jartaron como descocidos. La cuenta por supuesto fue exorbitante, todo sali\u00f3 en m\u00e1s de 6 millones de pesos (incluyendo bebidas y 12 cucharas que se robaron). A la fecha no se sabe qui\u00e9n pag\u00f3 pero se presume que fue el consorte de la viajante, aunque los porteros afuera estaban diciendo \"Noooo papi, si el que pag\u00f3 esa joda fue el otro, el alto guapo delgado. Siii ese ome, el canoso, \u00bfc\u00f3mo es que se llama...?\".<\/p>\n<p>Al terminar la cena la mesera ofreci\u00f3 postre a lo que la agasajada acept\u00f3 complacida. Eligi\u00f3 la deliciosa y renombrada Stracciatella con fior di latte y trozos de chocolate, la cual le sirvieron en una copa con una cucharita. Cuando Ana sac\u00f3 un bocado y lo dirigi\u00f3 hacia su boca de manera gr\u00e1cil y sensual todos aplaudieron encantados de aquel el\u00edxir que cerr\u00f3 la cena con broche de oro.<\/p>\n<div id=\"attachment_1702\" style=\"width: 310px\" class=\"wp-caption alignleft\"><a href=\"https:\/\/tachenko.com\/etachenko\/wp-content\/uploads\/2020\/01\/Pizza.jpg\" target=\"_blank\" rel=\"noopener noreferrer\"><img loading=\"lazy\" decoding=\"async\" aria-describedby=\"caption-attachment-1702\" class=\"wp-image-1702 size-medium\" src=\"https:\/\/tachenko.com\/etachenko\/wp-content\/uploads\/2020\/01\/Pizza-300x182.jpg\" alt=\"\" width=\"300\" height=\"182\" srcset=\"https:\/\/tachenko.com\/etachenko\/wp-content\/uploads\/2020\/01\/Pizza-300x182.jpg 300w, https:\/\/tachenko.com\/etachenko\/wp-content\/uploads\/2020\/01\/Pizza-150x91.jpg 150w, https:\/\/tachenko.com\/etachenko\/wp-content\/uploads\/2020\/01\/Pizza.jpg 750w\" sizes=\"auto, (max-width: 300px) 100vw, 300px\" \/><\/a><p id=\"caption-attachment-1702\" class=\"wp-caption-text\">Deliciosos platillos fueron degustados<\/p><\/div>\n<p>Comentarios al un\u00edsono expresaron con benepl\u00e1cito la gran delectaci\u00f3n que significa cenar en esa zona, ya que los parqueaderos designados en las callejuelas permanecen atiborrados as\u00ed que toca estacionarse a unas 30 cuadras. De esta forma cuando sales por tu veh\u00edculo, tras tal caminada bajas lo que te comiste y cuando llegas al carro ya tienes apetito de nuevo, as\u00ed que te regresas y vuelves y comes. \u00a1Una maravilla para los restauranteros!<\/p>\n<p>AMCCPS estudiar\u00e1 en la encantadora ciudad de Chicago por un per\u00edodo de tres (3) meses. Asever\u00f3 que si el proyecto concluye acorde a lo planeado extender\u00e1 sus estudios a m\u00e1s cursos en varios otros idiomas, noticia que fue recibida con gran anuencia debido a que en el grupo a\u00fan no hay ning\u00fan idiota. Perd\u00f3n, pol\u00edglota.<\/p>\n<p>Entretanto el consorte de la susodicha prometi\u00f3 barrer y trapear todos los d\u00edas durante la ausencia de la patrona. Hay grandes dudas a este respecto y aunque el compromiso est\u00e1 presente, todos temen que quien terminar\u00e1 haciendo tales labores ser\u00e1 su mercesita Antonia, hija mayor y menor de la pareja.<\/p>\n<p>Ana prometi\u00f3 regresar a su patria, pero a voces dijo que si le gustaba se quedaba...<\/p>\n<p>Desde la salas de Redacci\u00f3n del Espori\u00f3dico El Tachenko aplaudimos con emoci\u00f3n este viaje de estudios que realizar\u00e1 misi\u00e1 Ana, y le deseamos la mejor de las suertes en este viaje de estudios que realizar\u00e1 misi\u00e1 Ana en este viaje de estudios. \u2014ET<\/p>\n<\/div><\/div>","protected":false},"excerpt":{"rendered":"<p>Hubo tanto l\u00e1grimas como risas DIVAS EN LAS DIVAS Por: Direcci\u00f3n El Tachenko Santiago de Cali, Enero 17 de 2020 Con motivo del viaje estudiantil que realizar\u00e1 en los pr\u00f3ximos d\u00edas Misi\u00e1 AMCCPSTSZ (m\u00e1s conocida como Ana Mar\u00eda de la Concepci\u00f3n del Carmen y Perpetuo Socorro Tob\u00f3n S\u00e1nchez de Zuluaga), sus amigos se reunieron para [&hellip;]<\/p>\n","protected":false},"author":1,"featured_media":0,"parent":0,"menu_order":0,"comment_status":"closed","ping_status":"closed","template":"templates\/full-page.php","meta":{"footnotes":""},"class_list":["post-1685","page","type-page","status-publish","hentry"],"_links":{"self":[{"href":"https:\/\/tachenko.com\/etachenko\/wp-json\/wp\/v2\/pages\/1685","targetHints":{"allow":["GET"]}}],"collection":[{"href":"https:\/\/tachenko.com\/etachenko\/wp-json\/wp\/v2\/pages"}],"about":[{"href":"https:\/\/tachenko.com\/etachenko\/wp-json\/wp\/v2\/types\/page"}],"author":[{"embeddable":true,"href":"https:\/\/tachenko.com\/etachenko\/wp-json\/wp\/v2\/users\/1"}],"replies":[{"embeddable":true,"href":"https:\/\/tachenko.com\/etachenko\/wp-json\/wp\/v2\/comments?post=1685"}],"version-history":[{"count":15,"href":"https:\/\/tachenko.com\/etachenko\/wp-json\/wp\/v2\/pages\/1685\/revisions"}],"predecessor-version":[{"id":1706,"href":"https:\/\/tachenko.com\/etachenko\/wp-json\/wp\/v2\/pages\/1685\/revisions\/1706"}],"wp:attachment":[{"href":"https:\/\/tachenko.com\/etachenko\/wp-json\/wp\/v2\/media?parent=1685"}],"curies":[{"name":"wp","href":"https:\/\/api.w.org\/{rel}","templated":true}]}}