{"id":1667,"date":"2020-01-16T19:33:12","date_gmt":"2020-01-17T00:33:12","guid":{"rendered":"https:\/\/tachenko.com\/etachenko\/?page_id=1667"},"modified":"2020-01-16T20:06:57","modified_gmt":"2020-01-17T01:06:57","slug":"solo-sentir","status":"publish","type":"page","link":"https:\/\/tachenko.com\/etachenko\/solo-sentir\/","title":{"rendered":"Solo Sentir"},"content":{"rendered":"<div id=\"dslc-theme-content\"><div id=\"dslc-theme-content-inner\">\n<h1>Solo Sentir<\/h1>\n\n\n\n<pre><strong><span style=\"color: #808080;\">Martha Navia, Clase de Econom\u00eda<\/span><\/strong><br \/><strong><span style=\"color: #808080;\">Agosto 9, 1995 - 9:15 am<\/span><\/strong><\/pre>\n\n\n\n<p>S\u00e9 que has sido lo m\u00e1s especial,<br>lo m\u00e1s grande que he sentido.<\/p>\n<p>Nada se le compara<br>a esa sensaci\u00f3n,<br>esa m\u00e1xima felicidad<br>en ese momento escaso.<\/p>\n<p>El siente igual,<br>lo percibo.<\/p>\n<p>Dese\u00f3 el final<br>pero fue m\u00e1s fuerte la tentaci\u00f3n<br>que su sentido racional.<\/p>\n<p>Lo acepta cada vez m\u00e1s;<br>al mismo tiempo<br>los lazos entre nosotros<br>se hacen m\u00e1s fuertes.<\/p>\n<p>Ya no hay espacio<br>para los remordimientos<br>en nuestro peque\u00f1o mundo,<br>sin l\u00edmites,<br>ni razones.<\/p>\n<p>Somos \u00e9l y yo, no m\u00e1s,<br>en algo sin principio ni final;<br>perdidos en el tiempo<br>bajo una tormenta de sentimientos.<\/p>\n<p>Nada definido,<br>s\u00f3lo sentir,<br>s\u00f3lo re\u00edr,<br>s\u00f3lo tratar de encontrar el \"porqu\u00e9\"<br>llegando como siempre<br>a la sombra de una respuesta.<\/p>\n<p>S\u00f3lo sentir,<br>s\u00f3lo re\u00edr,<br>s\u00f3lo sentirnos plenos,<br>s\u00f3lo sentir que nos pertenecemos,<br>s\u00f3lo ese instante,<br>s\u00f3lo esa alegr\u00eda,<br>s\u00f3lo desear el siguiente...<\/p>\n<p>Ese momento de encontrarnos de nuevo<br>sin lugar ni tiempo<br>sin el resto...<\/p>\n<p>Esa vida cotidiana<br>que llevamos cada uno<br>lejos del otro<br>que nos aparta...<br>dentro de una realidad<br>que nos lleva a lo que \"debe ser\",<br>\"tengo que hacer\", \"es lo correcto\"<\/p>\n<p>- S\u00f3lo sentir...<br>- \u00bfQu\u00e9?<br>- \u00bfTe lo recuerdo...?<br>- S\u00f3lo sentir... s\u00f3lo re\u00edr... s\u00f3lo so\u00f1ar... s\u00f3lamente magia...<br>- Claro, vivamos !!!<\/p>\n<\/div><\/div>","protected":false},"excerpt":{"rendered":"<p>Solo Sentir Martha Navia, Clase de Econom\u00edaAgosto 9, 1995 - 9:15 am S\u00e9 que has sido lo m\u00e1s especial,lo m\u00e1s grande que he sentido. Nada se le comparaa esa sensaci\u00f3n,esa m\u00e1xima felicidaden ese momento escaso. El siente igual,lo percibo. Dese\u00f3 el finalpero fue m\u00e1s fuerte la tentaci\u00f3nque su sentido racional. Lo acepta cada vez m\u00e1s;al [&hellip;]<\/p>\n","protected":false},"author":1,"featured_media":0,"parent":0,"menu_order":0,"comment_status":"closed","ping_status":"closed","template":"","meta":{"footnotes":""},"class_list":["post-1667","page","type-page","status-publish","hentry"],"_links":{"self":[{"href":"https:\/\/tachenko.com\/etachenko\/wp-json\/wp\/v2\/pages\/1667","targetHints":{"allow":["GET"]}}],"collection":[{"href":"https:\/\/tachenko.com\/etachenko\/wp-json\/wp\/v2\/pages"}],"about":[{"href":"https:\/\/tachenko.com\/etachenko\/wp-json\/wp\/v2\/types\/page"}],"author":[{"embeddable":true,"href":"https:\/\/tachenko.com\/etachenko\/wp-json\/wp\/v2\/users\/1"}],"replies":[{"embeddable":true,"href":"https:\/\/tachenko.com\/etachenko\/wp-json\/wp\/v2\/comments?post=1667"}],"version-history":[{"count":8,"href":"https:\/\/tachenko.com\/etachenko\/wp-json\/wp\/v2\/pages\/1667\/revisions"}],"predecessor-version":[{"id":1717,"href":"https:\/\/tachenko.com\/etachenko\/wp-json\/wp\/v2\/pages\/1667\/revisions\/1717"}],"wp:attachment":[{"href":"https:\/\/tachenko.com\/etachenko\/wp-json\/wp\/v2\/media?parent=1667"}],"curies":[{"name":"wp","href":"https:\/\/api.w.org\/{rel}","templated":true}]}}