{"id":114,"date":"2017-03-05T04:37:50","date_gmt":"2017-03-05T09:37:50","guid":{"rendered":"https:\/\/tachenko.com\/etachenko\/?page_id=114"},"modified":"2017-03-12T22:44:12","modified_gmt":"2017-03-13T03:44:12","slug":"que-es","status":"publish","type":"page","link":"https:\/\/tachenko.com\/etachenko\/resena-historica\/que-es\/","title":{"rendered":"En Qu\u00e9 Consiste el Fen\u00f3meno llamado \"Tachenko\""},"content":{"rendered":"<div id=\"dslc-theme-content\"><div id=\"dslc-theme-content-inner\"><p class=\"JAS_Main_Title\">En Qu\u00e9 Consiste el Fen\u00f3meno llamado \"Tachenko\"<\/p>\n<p>[su_box title=\"EN S\u00cdNTESIS...\" radius=\"0\"]<strong>Ella se fu\u00e9, y le dijo \"me escrib\u00eds no?\", \u00e9l prometi\u00f3 hacerlo pero pasados los d\u00edas entr\u00f3 en absurda pereza de escribir cartas. \u00a1Cartas!. Entonces se le ocurri\u00f3 que era m\u00e1s divertido enviarle cartas \"tipo peri\u00f3dico\" (chismes, columnas, t\u00edtulos y eso). Y naci\u00f3 El Tachenko!<\/strong>[\/su_box]<\/p>\n<p class=\"JAS_Insertos_Tipo_Reuter\">Por: El Director<\/p>\n<h2>Desarrollo de la Historia:<\/h2>\n<p><strong>Anastasia \"Tacha\" Pagoulatos<\/strong> hab\u00eda partido hacia la ciudad de Bogot\u00e1 a continuar sus estudios universitarios, y rog\u00f3 tanto pa' que sus amigos le escribi\u00e9ramos que yo personalmente me compromet\u00ed a hacerlo, pero de una forma absolutamente inusual...<\/p>\n<p>Fue entonces cuando naci\u00f3 el Espori\u00f3dico <strong>El Tachenko<\/strong> el 30 de Octubre de 1994, un precioso domingo a las 9 y 33 de la ma\u00f1ana mientras los pajarillos trinaban en el solar frente a mi ventana y de las flores emanaba un olor, c\u00f3mo decirlo... nauseabundo. En aquel entonces los art\u00edculos resultaban ser no s\u00f3lo sosos sino aburridos y la calidad editorial en t\u00e9rminos generales era abominable. Para sorpresa de todos, hoy sigue igual.<\/p>\n<p>Pero como el Espori\u00f3dico se distribu\u00eda en forma gratuita inicialmente, de lo anterior nada ten\u00eda importancia. A la fecha el pasqu\u00edn se ha profesionalizado en una escala de uno a tres, UNO. Ha sido lujuriado y criticado de la forma m\u00e1s dura e infame y ha sido v\u00edctima del m\u00e1s horripilante de los castigos: <strong>La Censura.<\/strong><\/p>\n<p>Y a pesar que hoy d\u00eda El Tachenko ya cobra sus ediciones impresas en papel de lino especial para pre-prensa con base de filigrana de textura indeformable (cosa que ha generado acaloradas protestas), miles y miles de seguidores se confiesan fieles seguidores que siguen esta conflagraci\u00f3n literaria que, en hiriente desmedro a la integridad de los cale\u00f1os, ha mantenido a Tachita muy bien informada de todos los chismes que la ata\u00f1an.<\/p>\n<p>En honor a todos los lectores que han soportado mis desfachatadas imprudencias durante todo este tiempo, y haciendo honra a pecho y rodilla a mi querid\u00edsima amist\u00e1 Tacha Lavaplatos all\u00e1 en la capital (Ayommmbe), he dise\u00f1ado esta p\u00e1gina para que los que no hayan sido testigos, se conviertan! \u2014ET<\/p>\n<\/div><\/div>","protected":false},"excerpt":{"rendered":"<p>En Qu\u00e9 Consiste el Fen\u00f3meno llamado \"Tachenko\" [su_box title=\"EN S\u00cdNTESIS...\" radius=\"0\"]Ella se fu\u00e9, y le dijo \"me escrib\u00eds no?\", \u00e9l prometi\u00f3 hacerlo pero pasados los d\u00edas entr\u00f3 en absurda pereza de escribir cartas. \u00a1Cartas!. Entonces se le ocurri\u00f3 que era m\u00e1s divertido enviarle cartas \"tipo peri\u00f3dico\" (chismes, columnas, t\u00edtulos y eso). Y naci\u00f3 El Tachenko![\/su_box] [&hellip;]<\/p>\n","protected":false},"author":1,"featured_media":0,"parent":7,"menu_order":0,"comment_status":"closed","ping_status":"closed","template":"templates\/full-page.php","meta":{"footnotes":""},"class_list":["post-114","page","type-page","status-publish","hentry"],"_links":{"self":[{"href":"https:\/\/tachenko.com\/etachenko\/wp-json\/wp\/v2\/pages\/114","targetHints":{"allow":["GET"]}}],"collection":[{"href":"https:\/\/tachenko.com\/etachenko\/wp-json\/wp\/v2\/pages"}],"about":[{"href":"https:\/\/tachenko.com\/etachenko\/wp-json\/wp\/v2\/types\/page"}],"author":[{"embeddable":true,"href":"https:\/\/tachenko.com\/etachenko\/wp-json\/wp\/v2\/users\/1"}],"replies":[{"embeddable":true,"href":"https:\/\/tachenko.com\/etachenko\/wp-json\/wp\/v2\/comments?post=114"}],"version-history":[{"count":47,"href":"https:\/\/tachenko.com\/etachenko\/wp-json\/wp\/v2\/pages\/114\/revisions"}],"predecessor-version":[{"id":1285,"href":"https:\/\/tachenko.com\/etachenko\/wp-json\/wp\/v2\/pages\/114\/revisions\/1285"}],"up":[{"embeddable":true,"href":"https:\/\/tachenko.com\/etachenko\/wp-json\/wp\/v2\/pages\/7"}],"wp:attachment":[{"href":"https:\/\/tachenko.com\/etachenko\/wp-json\/wp\/v2\/media?parent=114"}],"curies":[{"name":"wp","href":"https:\/\/api.w.org\/{rel}","templated":true}]}}