{"id":110,"date":"2017-03-05T04:37:12","date_gmt":"2017-03-05T09:37:12","guid":{"rendered":"https:\/\/tachenko.com\/etachenko\/?page_id=110"},"modified":"2017-03-12T22:58:47","modified_gmt":"2017-03-13T03:58:47","slug":"inspiradora","status":"publish","type":"page","link":"https:\/\/tachenko.com\/etachenko\/resena-historica\/inspiradora\/","title":{"rendered":"La Inspiradora, \u00bfQui\u00e9n es ese M\u00edstico Personaje?"},"content":{"rendered":"<div id=\"dslc-theme-content\"><div id=\"dslc-theme-content-inner\"><p class=\"JAS_Main_Title\">La Inspiradora, \u00bfQui\u00e9n es ese M\u00edstico Personaje?<\/p>\n<p class=\"JAS_Insertos_Tipo_Reuter\">Por: El Director<\/p>\n<div id=\"attachment_362\" style=\"width: 267px\" class=\"wp-caption alignleft\"><img loading=\"lazy\" decoding=\"async\" aria-describedby=\"caption-attachment-362\" class=\"wp-image-362 size-full\" src=\"https:\/\/tachenko.com\/etachenko\/wp-content\/uploads\/2017\/03\/tacha.jpg\" alt=\"\" width=\"257\" height=\"253\" srcset=\"https:\/\/tachenko.com\/etachenko\/wp-content\/uploads\/2017\/03\/tacha.jpg 257w, https:\/\/tachenko.com\/etachenko\/wp-content\/uploads\/2017\/03\/tacha-150x148.jpg 150w\" sizes=\"auto, (max-width: 257px) 100vw, 257px\" \/><p id=\"caption-attachment-362\" class=\"wp-caption-text\">En la instant\u00e1nea captada en una hacienda al sur de la ciudad hace ya varios abriles, se aprecia a Misi\u00e1 Tacha cuando disipada y tranquila disfrutaba de unos ba\u00f1os de sol junto a una pileta.<\/p><\/div>\n<p><strong>Martha Anastasia Pagoulatos L\u00f3pez<\/strong> es una hermosa cale\u00f1a diojo negro renegro con or\u00edgenes griegos que actualmente habita en la recontra helada Capital colombiana.<\/p>\n<p>La conoc\u00ed hace marras en uno de esos parchesitos de las esquinas, lugar donde ten\u00eda un lucrativo negocio vendiendo cigarrillos y bananas. Nos hicimos muy amigos. Posteriormente estudiamos en el mismo colegio, donde presenci\u00e9 personalmente la pilera de esta mujacha, que berraca tan estudiosa!!. S\u00f3lo pensaba en libros y en estar metida en la biblioteca, pero con el pasar de los a\u00f1os la fuimos reformando para finalmente obtener a la Tacha renovada, la princesa y se\u00f1ora de la rumba vallecaucana. Ya no quer\u00eda sino bailar y bailar y bailar todo el tiempo!. Detestaba los boleros y cuando lleg\u00f3 a los elevados niveles de la m\u00fasica \"Trance\" casi se nos enloquece!!. Por poco la perdemos, la tuvimos que meter a un reformatorio y sali\u00f3 peor. Y termin\u00f3 de chirriarse cuando lleg\u00f3 a Bogot\u00e1 y conoci\u00f3 ese antro \"Mr. Babilla\", de all\u00e1 no sal\u00eda sino a la U. En fin, esa es otra historia que me acabo de inventar, pero lo cierto es que mucho tiempo pasamos con Tachita en el cual compartimos gratos momentos al lado de esta hermosa diva, amante a morir de los gatos.<\/p>\n<p>Verd\u00e1 ole, los gatos!, Tacha muere por los gatos!!!. Hasta les habla en griego y todo, que tal, parece loca!! <em>\"\u00bfQue hacemos pues si el animalito entiende?\",<\/em> contestaba ce\u00f1ifruncida ante la mirada at\u00f3nita de sus amigos cuando la sorprend\u00edamos en que coloquio tan tenaz con Teophan\u00edstocles, su adorado gato color negggro como la noche en que Romeo vio por \u00faltima vez a su Julieta.<\/p>\n<p>Bu\u00e9h, en que \u00edbamos?, ah s\u00ed, Tacha. Tacha es... Tacha es una chimba!, ja ja!. No, pero en serio, cuando se fue pa' Bogot\u00e1 muchas fueron las almas que lamentaron su ausencia, porque a pesar que detestaba las rumbas de guitarra a las que su novio llevaba to-dos los fi-nes de se-ma-na (esto me lo confes\u00f3 despu\u00e9s, claro; siquiera porque yo era el que tocaba!) pues uno con ella se re\u00eda mucho. Esta pelada es de unas ocurrencias que mejor dicho. Ay Tachita, porque te ju\u00edtes, golv\u00e9 Tacha, golv\u00e9, BUAAAAAAAA!!!<\/p>\n<p>Bueno, pa' rematar este cuento tan largo lanzo una tr\u00edada que define su existencia por los siguientes tres (3) (III) factores:<\/p>\n<p><span style=\"color: #800000;\"><strong>LO PRIMERO: <\/strong><\/span>Que es la actual y \u00fanica responsable de la aparici\u00f3n del <strong>Espori\u00f3dico El Tachenko<\/strong>, como detalle primordial ofrendado por su amigo del alma, El Director de dicho Pasqu\u00edn.<\/p>\n<p><span style=\"color: #800000;\"><strong>LO SEGUNDO: <\/strong><\/span>Que sus planes en el futuro, adem\u00e1s de seguir estudiando de por vida, de multiplicarse y amar eternamente a sus hijos, nietos, tataranietos y recontranietos, consisten en leer permanentemente las ediciones de El Tachenko, ya que seg\u00fan ella <em>\"no existe nada en este terr\u00e1queo y YA eclipsado globo que iguale tan esot\u00e9rica sensaci\u00f3n\".<\/em><\/p>\n<p>Y por \u00faltimo... <strong><span style=\"color: #800000;\">LO TERCERO: <\/span><\/strong>Seg\u00fan lo tradicionado, esta p\u00e1gina tambi\u00e9n es en su honor. Besos mija, besos!!! \u2014ET<\/p>\n<\/div><\/div>","protected":false},"excerpt":{"rendered":"<p>La Inspiradora, \u00bfQui\u00e9n es ese M\u00edstico Personaje? Por: El Director Martha Anastasia Pagoulatos L\u00f3pez es una hermosa cale\u00f1a diojo negro renegro con or\u00edgenes griegos que actualmente habita en la recontra helada Capital colombiana. La conoc\u00ed hace marras en uno de esos parchesitos de las esquinas, lugar donde ten\u00eda un lucrativo negocio vendiendo cigarrillos y bananas. [&hellip;]<\/p>\n","protected":false},"author":1,"featured_media":0,"parent":7,"menu_order":0,"comment_status":"closed","ping_status":"closed","template":"templates\/full-page.php","meta":{"footnotes":""},"class_list":["post-110","page","type-page","status-publish","hentry"],"_links":{"self":[{"href":"https:\/\/tachenko.com\/etachenko\/wp-json\/wp\/v2\/pages\/110","targetHints":{"allow":["GET"]}}],"collection":[{"href":"https:\/\/tachenko.com\/etachenko\/wp-json\/wp\/v2\/pages"}],"about":[{"href":"https:\/\/tachenko.com\/etachenko\/wp-json\/wp\/v2\/types\/page"}],"author":[{"embeddable":true,"href":"https:\/\/tachenko.com\/etachenko\/wp-json\/wp\/v2\/users\/1"}],"replies":[{"embeddable":true,"href":"https:\/\/tachenko.com\/etachenko\/wp-json\/wp\/v2\/comments?post=110"}],"version-history":[{"count":25,"href":"https:\/\/tachenko.com\/etachenko\/wp-json\/wp\/v2\/pages\/110\/revisions"}],"predecessor-version":[{"id":1287,"href":"https:\/\/tachenko.com\/etachenko\/wp-json\/wp\/v2\/pages\/110\/revisions\/1287"}],"up":[{"embeddable":true,"href":"https:\/\/tachenko.com\/etachenko\/wp-json\/wp\/v2\/pages\/7"}],"wp:attachment":[{"href":"https:\/\/tachenko.com\/etachenko\/wp-json\/wp\/v2\/media?parent=110"}],"curies":[{"name":"wp","href":"https:\/\/api.w.org\/{rel}","templated":true}]}}