{"id":104,"date":"2017-03-05T04:36:23","date_gmt":"2017-03-05T09:36:23","guid":{"rendered":"https:\/\/tachenko.com\/etachenko\/?page_id=104"},"modified":"2017-03-12T22:57:21","modified_gmt":"2017-03-13T03:57:21","slug":"porque","status":"publish","type":"page","link":"https:\/\/tachenko.com\/etachenko\/resena-historica\/porque\/","title":{"rendered":"\u00bfNo era ya Suficiente...? Porqu\u00e9 Debemos Seguir Soportando Esta Pesadilla!!!"},"content":{"rendered":"<div id=\"dslc-theme-content\"><div id=\"dslc-theme-content-inner\"><p class=\"JAS_Main_Title\">\u00bfNo era ya Suficiente...?<br \/>\nPorqu\u00e9 Debemos Seguir Soportando Esta Pesadilla!!!<\/p>\n<p class=\"JAS_Insertos_Tipo_Reuter\">Por: El Director<\/p>\n<p>La red Internet, adem\u00e1s de ser el futuro de la comunicaci\u00f3n y los e-business por excelencia, contiene much\u00edsima informaci\u00f3n de vital importancia que es consultada a diario cada vez por m\u00e1s cibernautas alrededor de todo mundo. Es por eso que las directivas de <strong>El Tachenko<\/strong> han decidido publicar sus editoriales de tan alta y caliente controversia para culturizar, ilustrar e informar al mundo entero sobre la genialidad de los personajes principales del Espori\u00f3dico que son mis valuados, estimados y a veces aborrecidos suscriptores.<\/p>\n<p>Lo anterior, obviamente, en el sentido m\u00e1s afectivo que puede expresar nuestro fabuloso idioma... S\u00ed s\u00ed s\u00ed, El Tachenko tiene por pol\u00edtica el N.O.N. (No ofender a nadie! \ud83d\ude42<\/p>\n<p>En el futuro vendr\u00e1n las ediciones completas, u s\u00e9ase de la cero (0) a la que vamos (...?...) pa' que los que est\u00e1n lejos puedan consultar informaci\u00f3n de quienes han participado en forma tan directa, indirecta, superflua y\/o decisiva en el crecimiento, profesionalizaci\u00f3n y aliento de el <strong>Espori\u00f3dico El Tachenko.<\/strong><\/p>\n<p>Por el momento hace falta mucho trabajo para que los lectores puedan disfrutar enteramente del Espori\u00f3dico, pero el Director asegura que est\u00e1 laborando arduamente para culminar su proyecto.<\/p>\n<p>A prop\u00f3sito, estas ediciones son <strong>GRATUITAS<\/strong>. Si quer\u00e9s que te llegue El Tachenko a tu direcci\u00f3n de Correo Electr\u00f3nico (...tambi\u00e9n te la podemos mandar a tu e-mail) basta con que nos envi\u00e9s un mensaje a <strong><a href=\"https:\/\/tachenko.com\/etachenko\/ooooooh\/\" target=\"_blank\">niseteocurraescribirmequepereza@tachenko.com<\/a><\/strong> \u2014ET<\/p>\n<\/div><\/div>","protected":false},"excerpt":{"rendered":"<p>\u00bfNo era ya Suficiente...? Porqu\u00e9 Debemos Seguir Soportando Esta Pesadilla!!! Por: El Director La red Internet, adem\u00e1s de ser el futuro de la comunicaci\u00f3n y los e-business por excelencia, contiene much\u00edsima informaci\u00f3n de vital importancia que es consultada a diario cada vez por m\u00e1s cibernautas alrededor de todo mundo. Es por eso que las directivas [&hellip;]<\/p>\n","protected":false},"author":1,"featured_media":0,"parent":7,"menu_order":0,"comment_status":"closed","ping_status":"closed","template":"templates\/full-page.php","meta":{"footnotes":""},"class_list":["post-104","page","type-page","status-publish","hentry"],"_links":{"self":[{"href":"https:\/\/tachenko.com\/etachenko\/wp-json\/wp\/v2\/pages\/104","targetHints":{"allow":["GET"]}}],"collection":[{"href":"https:\/\/tachenko.com\/etachenko\/wp-json\/wp\/v2\/pages"}],"about":[{"href":"https:\/\/tachenko.com\/etachenko\/wp-json\/wp\/v2\/types\/page"}],"author":[{"embeddable":true,"href":"https:\/\/tachenko.com\/etachenko\/wp-json\/wp\/v2\/users\/1"}],"replies":[{"embeddable":true,"href":"https:\/\/tachenko.com\/etachenko\/wp-json\/wp\/v2\/comments?post=104"}],"version-history":[{"count":9,"href":"https:\/\/tachenko.com\/etachenko\/wp-json\/wp\/v2\/pages\/104\/revisions"}],"predecessor-version":[{"id":1290,"href":"https:\/\/tachenko.com\/etachenko\/wp-json\/wp\/v2\/pages\/104\/revisions\/1290"}],"up":[{"embeddable":true,"href":"https:\/\/tachenko.com\/etachenko\/wp-json\/wp\/v2\/pages\/7"}],"wp:attachment":[{"href":"https:\/\/tachenko.com\/etachenko\/wp-json\/wp\/v2\/media?parent=104"}],"curies":[{"name":"wp","href":"https:\/\/api.w.org\/{rel}","templated":true}]}}