{"id":102,"date":"2017-03-05T04:36:10","date_gmt":"2017-03-05T09:36:10","guid":{"rendered":"https:\/\/tachenko.com\/etachenko\/?page_id=102"},"modified":"2017-03-12T23:01:12","modified_gmt":"2017-03-13T04:01:12","slug":"que-viene","status":"publish","type":"page","link":"https:\/\/tachenko.com\/etachenko\/resena-historica\/que-viene\/","title":{"rendered":"Lo que Se Espera para el A\u00f1o 2.000"},"content":{"rendered":"<div id=\"dslc-theme-content\"><div id=\"dslc-theme-content-inner\"><p class=\"JAS_Main_Title\">Lo que Se Espera para el A\u00f1o 2000<\/p>\n<p class=\"JAS_Insertos_Tipo_Reuter\">Por: El Director<\/p>\n<h1>...POR AHORA NADA...<\/h1>\n<p>Sin embargo muchas expectativas tiene la ciudad por el lanzamiento del nuevo <strong>eTachenko<\/strong> (Tachenko Electr\u00f3nico), que promete estar cada vez mejor. Sus creadores aseguran que el Espori\u00f3dico se convertir\u00e1 en el lugar preferido de visita para la comunidad internacional mediante un PFI (Portal Futurista Interactivo), colmado de noticias de inter\u00e9s general. Entre otras propuestas y novedades que est\u00e1 desarrollando la Direcci\u00f3n se cuentan las siguientes:<\/p>\n<ul>\n<li>Venta de d\u00f3lares (te los enviamos a tu e-mail)<\/li>\n<li>Salvapantallas electr\u00f3nicos (vos toc\u00e1s la pantalla y te pasa la corriente)<\/li>\n<li>Chats en varios lenguajes con traducci\u00f3n simult\u00e1nea (Vos dec\u00eds \u00bfHola\u00bf y te contestan \u00bfWhat?)<\/li>\n<li>Consejos pr\u00e1cticos para tu computador (c\u00f3mo prenderlo)<\/li>\n<li>Temas de fondo pa'l desktop de tu laptop (blanco, azul, rojo, y as\u00ed)<\/li>\n<li>M\u00fasica (te mailiamos las letras)<\/li>\n<li>Correo del diantes (vos nos mand\u00e1s la carta por e-mail y nosotros la imprimimos, la empacamos y la mandamos por el correo convencional, que tal esa !!)<\/li>\n<li>Consejos y preguntas m\u00e1s frecuentes (\u00bfC\u00f3mo hago pa' marcar a celular?)<\/li>\n<li>Trucos del hogar (c\u00f3mo meter el hilito en el g\u00fceco de la aguja)<\/li>\n<li>Historias de amor, poes\u00eda y las m\u00e1s incre\u00edbles fantas\u00edas (...pilas Pana)<\/li>\n<li>Tratamientos efectivos para la mujer de hoy (c\u00f3mo hacer para menstruar cada 6 meses)<\/li>\n<li>T\u00e9cnicas de relajaci\u00f3n mental, espiritual y corporal (masajes)<\/li>\n<li>Galer\u00edas fotogr\u00e1ficas de temas varios (...de pronto de nenorras tambi\u00e9n, la Direcci\u00f3n lo est\u00e1 considerando)<\/li>\n<li>Consejos para el cuidado del minino (...dedicado a Tacha)<\/li>\n<li>Dietas (c\u00f3mo comer grasa y engordar)<\/li>\n<li>Respuestas a preguntas de ediciones anteriores que luego de 3 a\u00f1os nunca fueron contestadas)<\/li>\n<li>Resoluci\u00f3n de dudas geogr\u00e1ficas (Cu\u00e1l carajos es la capital de Namibia???)<\/li>\n<li>Ah claro, y sobre todo no faltar\u00e1n los chismononones sociales de amplia pol\u00e9mica que han llevado a la fama ya hoy mundialmente conocida a este pasqu\u00edn<\/li>\n<li>Y mucho, much\u00edsimo, muchisisisisis\u00edsimo m\u00e1s! (as\u00ed dicen las grandes empresas cuando en realidad no tienen nada m\u00e1s que ofrecer. Pero trama!)<\/li>\n<\/ul>\n<p>Entretanto el staff de editores se encuentra trabajando arduamente para coronar este proyecto. Un nuevo dise\u00f1o ha sido aplicado a la p\u00e1gina actual y ya los archivos de los art\u00edculos de los Tachenkos impresos est\u00e1n siendo migrados por medio de complicad\u00edsimos procedimientos para posteriormente ser codificados al m\u00e9todo de Internet y su tecnolog\u00eda Hache T\u00e9mele, Juerga Script, Cejodi y otros lenguajes de incomprensible codigaje.<\/p>\n<p>Total que las cosas est\u00e1n muy bien, los lectores est\u00e1n contentos y aunque ha habido quejas (quejas, quejas, siempre hay quejas!!!) la direcci\u00f3n administrativa y comercial del Espori\u00f3dico tiene la absoluta confianza y profesionalismo gr\u00e1fico para llevar el proyecto avante, siempre y cuando las multinacionales que nos consultan no retiren su apoyo econ\u00f3mico que ha sido de gran ayuda en estas gestiones.<\/p>\n<p>De parte del Equipo Editorial de el Espori\u00f3dico El Tachenko damos la bienvenida al futuro en la superautopista de la informaci\u00f3n y motivamos a nuestros lectores para que trabajen arduamente desde ahora, de esta manera ahorren much\u00edsimo dinero y as\u00ed puedan enlistarse como aspirantes para adquirir acciones de El Tachenko que en el futuro estar\u00e1n por los cielos.<\/p>\n<p>M\u00e1s adelante colonizaremos la Red con los m\u00e1s jocosos y zanahorios pero espeluznantes comentarios comooo...<\/p>\n<ul>\n<li><em>\"DESCUBRA LA PARTE OSCURA DEL PANA BELI\"<\/em><\/li>\n<li><em>\"PORQUE MATARON A BETTY, SI ERA TAN BUENA MUJACHA???\"<\/em><\/li>\n<li><em>\"LA VERDAD SOBRE LOS PELOS DE SANSON\"<\/em><\/li>\n<\/ul>\n<p>As\u00ed Sea! (comun\u00edquese y c\u00famplase etc etc...) \u2014ET<\/p>\n<\/div><\/div>","protected":false},"excerpt":{"rendered":"<p>Lo que Se Espera para el A\u00f1o 2000 Por: El Director ...POR AHORA NADA... Sin embargo muchas expectativas tiene la ciudad por el lanzamiento del nuevo eTachenko (Tachenko Electr\u00f3nico), que promete estar cada vez mejor. Sus creadores aseguran que el Espori\u00f3dico se convertir\u00e1 en el lugar preferido de visita para la comunidad internacional mediante un [&hellip;]<\/p>\n","protected":false},"author":1,"featured_media":0,"parent":7,"menu_order":0,"comment_status":"closed","ping_status":"closed","template":"templates\/full-page.php","meta":{"footnotes":""},"class_list":["post-102","page","type-page","status-publish","hentry"],"_links":{"self":[{"href":"https:\/\/tachenko.com\/etachenko\/wp-json\/wp\/v2\/pages\/102","targetHints":{"allow":["GET"]}}],"collection":[{"href":"https:\/\/tachenko.com\/etachenko\/wp-json\/wp\/v2\/pages"}],"about":[{"href":"https:\/\/tachenko.com\/etachenko\/wp-json\/wp\/v2\/types\/page"}],"author":[{"embeddable":true,"href":"https:\/\/tachenko.com\/etachenko\/wp-json\/wp\/v2\/users\/1"}],"replies":[{"embeddable":true,"href":"https:\/\/tachenko.com\/etachenko\/wp-json\/wp\/v2\/comments?post=102"}],"version-history":[{"count":11,"href":"https:\/\/tachenko.com\/etachenko\/wp-json\/wp\/v2\/pages\/102\/revisions"}],"predecessor-version":[{"id":1291,"href":"https:\/\/tachenko.com\/etachenko\/wp-json\/wp\/v2\/pages\/102\/revisions\/1291"}],"up":[{"embeddable":true,"href":"https:\/\/tachenko.com\/etachenko\/wp-json\/wp\/v2\/pages\/7"}],"wp:attachment":[{"href":"https:\/\/tachenko.com\/etachenko\/wp-json\/wp\/v2\/media?parent=102"}],"curies":[{"name":"wp","href":"https:\/\/api.w.org\/{rel}","templated":true}]}}