{"id":100,"date":"2017-03-05T04:35:58","date_gmt":"2017-03-05T09:35:58","guid":{"rendered":"https:\/\/tachenko.com\/etachenko\/?page_id=100"},"modified":"2017-03-12T23:01:55","modified_gmt":"2017-03-13T04:01:55","slug":"derechos","status":"publish","type":"page","link":"https:\/\/tachenko.com\/etachenko\/resena-historica\/derechos\/","title":{"rendered":"Los Derechos, Instr\u00faigasen un Poquito..."},"content":{"rendered":"<div id=\"dslc-theme-content\"><div id=\"dslc-theme-content-inner\"><p class=\"JAS_Main_Title\">Los Derechos, Instr\u00faigasen un Poquito...<\/p>\n<p class=\"JAS_Insertos_Tipo_Reuter\"><img loading=\"lazy\" decoding=\"async\" class=\"alignright size-full wp-image-1239\" src=\"https:\/\/tachenko.com\/etachenko\/wp-content\/uploads\/2017\/03\/icon-r.png\" alt=\"\" width=\"181\" height=\"176\" srcset=\"https:\/\/tachenko.com\/etachenko\/wp-content\/uploads\/2017\/03\/icon-r.png 181w, https:\/\/tachenko.com\/etachenko\/wp-content\/uploads\/2017\/03\/icon-r-150x146.png 150w\" sizes=\"auto, (max-width: 181px) 100vw, 181px\" \/>Por: El Director<\/p>\n<p><strong>DE ERRE A...<\/strong><\/p>\n<p>U s\u00e9ase <span style=\"color: #ff0000;\"><strong>D<\/strong><\/span>erechos <span style=\"color: #ff0000;\"><strong>R<\/strong><\/span>eservados de <span style=\"color: #ff0000;\"><strong>A<\/strong><\/span>utor, pa' los que no sab\u00edan. Aaaah bueeeno...<\/p>\n<p>El Espori\u00f3dico <strong>El Tachenko<\/strong> enaltece la respetable labor de Sun Microsystems, Inc. por la creaci\u00f3n de tan simp\u00e1ticos y oportunos <em>Applets y Snippets,<\/em> algunos de los cuales han sido incluidos en esta p\u00e1gina, no sin antes mencionar que estos se\u00f1ores se han hecho acreedores de m\u00faltiples <em>\"\u00bfHUY, VITALISIMO!\"<\/em> a nivel mundial por su acertado lanzamiento del StarOffice de licencia gratuita y que puede ser bajado de Internet. Igualmente un fraternal saludo a los creadores del Linux!. Las directivas del Espori\u00f3dico agradecen la posibilidad de la utilizaci\u00f3n de las aplicaciones web anteriormente mencionados, haciendo referencia a sus condiciones:<\/p>\n<p><strong>\"llava y todas las marcas registradas y logotipos basados en llava son marcas registradas o marcas registradas registradas de S\u00fan Maicros\u00edstems aienc\u00ed en los Yunares y otros pa\u00edses\".<\/strong><\/p>\n<p><span style=\"color: #808080;\">(traducido del ingl\u00e9s):<\/span><br \/>\n <em>\"Java and all Java-based trademarks and logos are trademarks or registered trademarks of Sun Microsystems, Inc. in the United States and other countries\".<\/em><\/p>\n<p>De la misma forma aplaudimos la labor de los amigos de Tripod quienes gracias al generoso ofrecimiento que hicieron a las directivas de esta entidad (...casi no nos convencen) de un espacio para alojar en sus servidores al Espori\u00f3dico con espectaculares 11 Mb con lo que hicieron posible la realizaci\u00f3n de este proyecto. \u2014ET<\/p>\n<\/div><\/div>","protected":false},"excerpt":{"rendered":"<p>Los Derechos, Instr\u00faigasen un Poquito... Por: El Director DE ERRE A... U s\u00e9ase Derechos Reservados de Autor, pa' los que no sab\u00edan. Aaaah bueeeno... El Espori\u00f3dico El Tachenko enaltece la respetable labor de Sun Microsystems, Inc. por la creaci\u00f3n de tan simp\u00e1ticos y oportunos Applets y Snippets, algunos de los cuales han sido incluidos en [&hellip;]<\/p>\n","protected":false},"author":1,"featured_media":0,"parent":7,"menu_order":0,"comment_status":"closed","ping_status":"closed","template":"templates\/full-page.php","meta":{"footnotes":""},"class_list":["post-100","page","type-page","status-publish","hentry"],"_links":{"self":[{"href":"https:\/\/tachenko.com\/etachenko\/wp-json\/wp\/v2\/pages\/100","targetHints":{"allow":["GET"]}}],"collection":[{"href":"https:\/\/tachenko.com\/etachenko\/wp-json\/wp\/v2\/pages"}],"about":[{"href":"https:\/\/tachenko.com\/etachenko\/wp-json\/wp\/v2\/types\/page"}],"author":[{"embeddable":true,"href":"https:\/\/tachenko.com\/etachenko\/wp-json\/wp\/v2\/users\/1"}],"replies":[{"embeddable":true,"href":"https:\/\/tachenko.com\/etachenko\/wp-json\/wp\/v2\/comments?post=100"}],"version-history":[{"count":8,"href":"https:\/\/tachenko.com\/etachenko\/wp-json\/wp\/v2\/pages\/100\/revisions"}],"predecessor-version":[{"id":1292,"href":"https:\/\/tachenko.com\/etachenko\/wp-json\/wp\/v2\/pages\/100\/revisions\/1292"}],"up":[{"embeddable":true,"href":"https:\/\/tachenko.com\/etachenko\/wp-json\/wp\/v2\/pages\/7"}],"wp:attachment":[{"href":"https:\/\/tachenko.com\/etachenko\/wp-json\/wp\/v2\/media?parent=100"}],"curies":[{"name":"wp","href":"https:\/\/api.w.org\/{rel}","templated":true}]}}